{"id":3911,"date":"2022-10-19T08:39:56","date_gmt":"2022-10-19T08:39:56","guid":{"rendered":"https:\/\/nanda.si\/?post_type=product&#038;p=3911"},"modified":"2025-06-27T20:02:50","modified_gmt":"2025-06-27T20:02:50","slug":"boho-glamur-ogrlica-iz-tekstila-bele-vrtnice","status":"publish","type":"product","link":"https:\/\/nanda.si\/it\/prodotto\/boho-glamur-ogrlica-iz-tekstila-bele-vrtnice\/","title":{"rendered":"Boho glamur ogrlica iz tekstila Bele vrtnice"},"content":{"rendered":"<p>Unikatna umetelna ogrlica iz tekstila\u00a0 je ro\u010dno izdelan oblikovalski nakit za\u00a0 \u017eenske, ki so povezane z naravo . Ta unikatni modni dodatek poudarja \u017eenstvenost in pri\u010dara razpolo\u017eenje. Sozvo\u010dje razli\u010dnih materialov omogo\u010da edinstveno lepoto. Primerna je tako za vsakodnevne prilo\u017enosti kot sve\u010dane dogodke, saj harmoni\u010den dizajn pritegne poglede. Ta ljubka ogrlica je popoln modni dodatek za\u00a0 romanti\u010den outfit . Sve\u017ee dopolni tudi minimalisti\u010den stil obla\u010denja.<\/p>\n<p>In dan bo cveto\u010d.<\/p>\n","protected":false},"excerpt":{"rendered":"<h5>Umetelen oblikovalski tekstilni nakit je inovativen unikaten modni dodatek, ki ne\u017eno dopolni stajling in pri\u010dara razpolo\u017eenje. Harmonija razli\u010dnih materialov omogo\u010da pristno lepoto in opazen glamur, ki pritegne poglede. Na\u00a0 1,5 cm \u0161iroki elastiki s pozlato, je centralno name\u0161\u010den \u0161opek belih vrtnic iz organze. Cvetovi so dodatno okra\u0161eni z razlil\u010dnimi bijou perlicami, barvno paleto pa dopolnjujejo prepletajo\u010di se antiko vijola trakci iz organze.\u00a0 V elastiko je vstavljena mehka \u017eica s katero se lahko regulira obseg vratu, razpon regulacije je do 5 cm, prakti\u010dno za obsege vratov od mere\u00a0 S- XL. Prav \u017eica omogo\u010da, da se ta kos nakita nosi tudi kot tiara (kronica).<\/h5>\n<h5>Boho glamur ogrlica iz tekstila Bele vrtnice je primerna tako za vsakodnevne prilo\u017enosti kot sve\u010dane dogodke. Sofisticiran filigranski dizajn o\u010dara s svojo navidezno krhkostjo in milino. Ta ljubek kos nakita bo osre\u010dil romanti\u010dno razpolo\u017eene in zagotovo popestrila tudi mimalisti\u010den stil.<\/h5>\n<h5>Imitacija cveto\u010de narave.<\/h5>\n","protected":false},"featured_media":3914,"comment_status":"open","ping_status":"closed","template":"","meta":[],"product_brand":[],"product_cat":[20],"product_tag":[],"class_list":{"0":"post-3911","1":"product","2":"type-product","3":"status-publish","4":"has-post-thumbnail","6":"product_cat-uncategorized","8":"first","9":"instock","10":"shipping-taxable","11":"purchasable","12":"product-type-simple"},"yoast_head":"<!-- This site is optimized with the Yoast SEO plugin v27.2 - https:\/\/yoast.com\/product\/yoast-seo-wordpress\/ -->\n<title>Boho glamur ogrlica iz tekstila Bele vrtnice | Ines Drole Nanda<\/title>\n<meta name=\"description\" content=\"Boho glamur ogrlica iz tekstila Bele vrtnice je primerna tako za vsakodnevne prilo\u017enosti in sve\u010dane dogodke. Sofisticiran filigranski dizajn o\u010dara z milino.\" \/>\n<meta name=\"robots\" content=\"index, follow, max-snippet:-1, max-image-preview:large, max-video-preview:-1\" \/>\n<link rel=\"canonical\" href=\"https:\/\/nanda.si\/it\/prodotto\/boho-glamur-ogrlica-iz-tekstila-bele-vrtnice\/\" \/>\n<meta property=\"og:locale\" content=\"it_IT\" \/>\n<meta property=\"og:type\" content=\"article\" \/>\n<meta property=\"og:title\" content=\"Boho glamur ogrlica iz tekstila Bele vrtnice | Ines Drole Nanda\" \/>\n<meta property=\"og:description\" content=\"Boho glamur ogrlica iz tekstila Bele vrtnice je primerna tako za vsakodnevne prilo\u017enosti in sve\u010dane dogodke. Sofisticiran filigranski dizajn o\u010dara z milino.\" \/>\n<meta property=\"og:url\" content=\"https:\/\/nanda.si\/it\/prodotto\/boho-glamur-ogrlica-iz-tekstila-bele-vrtnice\/\" \/>\n<meta property=\"og:site_name\" content=\"Ines Drole Nanda\" \/>\n<meta property=\"article:modified_time\" content=\"2025-06-27T20:02:50+00:00\" \/>\n<meta property=\"og:image\" content=\"https:\/\/nanda.si\/wp-content\/uploads\/2022\/10\/uniktatna-boho-ogrliica-iz-tekstila-Bele-vrtnice-1.jpg\" \/>\n\t<meta property=\"og:image:width\" content=\"600\" \/>\n\t<meta property=\"og:image:height\" content=\"600\" \/>\n\t<meta property=\"og:image:type\" content=\"image\/jpeg\" \/>\n<meta name=\"twitter:card\" content=\"summary_large_image\" \/>\n<meta name=\"twitter:label1\" content=\"Tempo di lettura stimato\" \/>\n\t<meta name=\"twitter:data1\" content=\"1 minuto\" \/>\n<script type=\"application\/ld+json\" class=\"yoast-schema-graph\">{\"@context\":\"https:\/\/schema.org\",\"@graph\":[{\"@type\":\"WebPage\",\"@id\":\"https:\/\/nanda.si\/it\/prodotto\/boho-glamur-ogrlica-iz-tekstila-bele-vrtnice\/\",\"url\":\"https:\/\/nanda.si\/it\/prodotto\/boho-glamur-ogrlica-iz-tekstila-bele-vrtnice\/\",\"name\":\"Boho glamur ogrlica iz tekstila Bele vrtnice | Ines Drole Nanda\",\"isPartOf\":{\"@id\":\"https:\/\/nanda.si\/it\/#website\"},\"primaryImageOfPage\":{\"@id\":\"https:\/\/nanda.si\/it\/prodotto\/boho-glamur-ogrlica-iz-tekstila-bele-vrtnice\/#primaryimage\"},\"image\":{\"@id\":\"https:\/\/nanda.si\/it\/prodotto\/boho-glamur-ogrlica-iz-tekstila-bele-vrtnice\/#primaryimage\"},\"thumbnailUrl\":\"https:\/\/nanda.si\/wp-content\/uploads\/2022\/10\/uniktatna-boho-ogrliica-iz-tekstila-Bele-vrtnice-1.jpg\",\"datePublished\":\"2022-10-19T08:39:56+00:00\",\"dateModified\":\"2025-06-27T20:02:50+00:00\",\"description\":\"Boho glamur ogrlica iz tekstila Bele vrtnice je primerna tako za vsakodnevne prilo\u017enosti in sve\u010dane dogodke. Sofisticiran filigranski dizajn o\u010dara z milino.\",\"breadcrumb\":{\"@id\":\"https:\/\/nanda.si\/it\/prodotto\/boho-glamur-ogrlica-iz-tekstila-bele-vrtnice\/#breadcrumb\"},\"inLanguage\":\"it-IT\",\"potentialAction\":[{\"@type\":\"ReadAction\",\"target\":[\"https:\/\/nanda.si\/it\/prodotto\/boho-glamur-ogrlica-iz-tekstila-bele-vrtnice\/\"]}]},{\"@type\":\"ImageObject\",\"inLanguage\":\"it-IT\",\"@id\":\"https:\/\/nanda.si\/it\/prodotto\/boho-glamur-ogrlica-iz-tekstila-bele-vrtnice\/#primaryimage\",\"url\":\"https:\/\/nanda.si\/wp-content\/uploads\/2022\/10\/uniktatna-boho-ogrliica-iz-tekstila-Bele-vrtnice-1.jpg\",\"contentUrl\":\"https:\/\/nanda.si\/wp-content\/uploads\/2022\/10\/uniktatna-boho-ogrliica-iz-tekstila-Bele-vrtnice-1.jpg\",\"width\":600,\"height\":600,\"caption\":\"unikatna glamur ogrlica iz tekstila Bele Vrtnice\"},{\"@type\":\"BreadcrumbList\",\"@id\":\"https:\/\/nanda.si\/it\/prodotto\/boho-glamur-ogrlica-iz-tekstila-bele-vrtnice\/#breadcrumb\",\"itemListElement\":[{\"@type\":\"ListItem\",\"position\":1,\"name\":\"Home\",\"item\":\"https:\/\/nanda.si\/it\/casa\/\"},{\"@type\":\"ListItem\",\"position\":2,\"name\":\"Negozio\",\"item\":\"https:\/\/nanda.si\/negozio\/\"},{\"@type\":\"ListItem\",\"position\":3,\"name\":\"Boho glamur ogrlica iz tekstila Bele vrtnice\"}]},{\"@type\":\"WebSite\",\"@id\":\"https:\/\/nanda.si\/it\/#website\",\"url\":\"https:\/\/nanda.si\/it\/\",\"name\":\"Ines Drole Nanda\",\"description\":\"Umetelne tekstilne kreacije za edinstven dom in unikatna obla\u010dila.\",\"publisher\":{\"@id\":\"https:\/\/nanda.si\/it\/#organization\"},\"potentialAction\":[{\"@type\":\"SearchAction\",\"target\":{\"@type\":\"EntryPoint\",\"urlTemplate\":\"https:\/\/nanda.si\/it\/?s={search_term_string}\"},\"query-input\":{\"@type\":\"PropertyValueSpecification\",\"valueRequired\":true,\"valueName\":\"search_term_string\"}}],\"inLanguage\":\"it-IT\"},{\"@type\":\"Organization\",\"@id\":\"https:\/\/nanda.si\/it\/#organization\",\"name\":\"Ines Drole NANDA\",\"url\":\"https:\/\/nanda.si\/it\/\",\"logo\":{\"@type\":\"ImageObject\",\"inLanguage\":\"it-IT\",\"@id\":\"https:\/\/nanda.si\/it\/#\/schema\/logo\/image\/\",\"url\":\"https:\/\/nanda.si\/wp-content\/uploads\/2022\/07\/logoNANDA-oval_Res.jpg\",\"contentUrl\":\"https:\/\/nanda.si\/wp-content\/uploads\/2022\/07\/logoNANDA-oval_Res.jpg\",\"width\":600,\"height\":600,\"caption\":\"Ines Drole NANDA\"},\"image\":{\"@id\":\"https:\/\/nanda.si\/it\/#\/schema\/logo\/image\/\"}}]}<\/script>\n<!-- \/ Yoast SEO plugin. -->","yoast_head_json":{"title":"Boho glamur ogrlica iz tekstila Bele vrtnice | Ines Drole Nanda","description":"Boho glamur ogrlica iz tekstila Bele vrtnice je primerna tako za vsakodnevne prilo\u017enosti in sve\u010dane dogodke. Sofisticiran filigranski dizajn o\u010dara z milino.","robots":{"index":"index","follow":"follow","max-snippet":"max-snippet:-1","max-image-preview":"max-image-preview:large","max-video-preview":"max-video-preview:-1"},"canonical":"https:\/\/nanda.si\/it\/prodotto\/boho-glamur-ogrlica-iz-tekstila-bele-vrtnice\/","og_locale":"it_IT","og_type":"article","og_title":"Boho glamur ogrlica iz tekstila Bele vrtnice | Ines Drole Nanda","og_description":"Boho glamur ogrlica iz tekstila Bele vrtnice je primerna tako za vsakodnevne prilo\u017enosti in sve\u010dane dogodke. Sofisticiran filigranski dizajn o\u010dara z milino.","og_url":"https:\/\/nanda.si\/it\/prodotto\/boho-glamur-ogrlica-iz-tekstila-bele-vrtnice\/","og_site_name":"Ines Drole Nanda","article_modified_time":"2025-06-27T20:02:50+00:00","og_image":[{"width":600,"height":600,"url":"https:\/\/nanda.si\/wp-content\/uploads\/2022\/10\/uniktatna-boho-ogrliica-iz-tekstila-Bele-vrtnice-1.jpg","type":"image\/jpeg"}],"twitter_card":"summary_large_image","twitter_misc":{"Tempo di lettura stimato":"1 minuto"},"schema":{"@context":"https:\/\/schema.org","@graph":[{"@type":"WebPage","@id":"https:\/\/nanda.si\/it\/prodotto\/boho-glamur-ogrlica-iz-tekstila-bele-vrtnice\/","url":"https:\/\/nanda.si\/it\/prodotto\/boho-glamur-ogrlica-iz-tekstila-bele-vrtnice\/","name":"Boho glamur ogrlica iz tekstila Bele vrtnice | Ines Drole Nanda","isPartOf":{"@id":"https:\/\/nanda.si\/it\/#website"},"primaryImageOfPage":{"@id":"https:\/\/nanda.si\/it\/prodotto\/boho-glamur-ogrlica-iz-tekstila-bele-vrtnice\/#primaryimage"},"image":{"@id":"https:\/\/nanda.si\/it\/prodotto\/boho-glamur-ogrlica-iz-tekstila-bele-vrtnice\/#primaryimage"},"thumbnailUrl":"https:\/\/nanda.si\/wp-content\/uploads\/2022\/10\/uniktatna-boho-ogrliica-iz-tekstila-Bele-vrtnice-1.jpg","datePublished":"2022-10-19T08:39:56+00:00","dateModified":"2025-06-27T20:02:50+00:00","description":"Boho glamur ogrlica iz tekstila Bele vrtnice je primerna tako za vsakodnevne prilo\u017enosti in sve\u010dane dogodke. Sofisticiran filigranski dizajn o\u010dara z milino.","breadcrumb":{"@id":"https:\/\/nanda.si\/it\/prodotto\/boho-glamur-ogrlica-iz-tekstila-bele-vrtnice\/#breadcrumb"},"inLanguage":"it-IT","potentialAction":[{"@type":"ReadAction","target":["https:\/\/nanda.si\/it\/prodotto\/boho-glamur-ogrlica-iz-tekstila-bele-vrtnice\/"]}]},{"@type":"ImageObject","inLanguage":"it-IT","@id":"https:\/\/nanda.si\/it\/prodotto\/boho-glamur-ogrlica-iz-tekstila-bele-vrtnice\/#primaryimage","url":"https:\/\/nanda.si\/wp-content\/uploads\/2022\/10\/uniktatna-boho-ogrliica-iz-tekstila-Bele-vrtnice-1.jpg","contentUrl":"https:\/\/nanda.si\/wp-content\/uploads\/2022\/10\/uniktatna-boho-ogrliica-iz-tekstila-Bele-vrtnice-1.jpg","width":600,"height":600,"caption":"unikatna glamur ogrlica iz tekstila Bele Vrtnice"},{"@type":"BreadcrumbList","@id":"https:\/\/nanda.si\/it\/prodotto\/boho-glamur-ogrlica-iz-tekstila-bele-vrtnice\/#breadcrumb","itemListElement":[{"@type":"ListItem","position":1,"name":"Home","item":"https:\/\/nanda.si\/it\/casa\/"},{"@type":"ListItem","position":2,"name":"Negozio","item":"https:\/\/nanda.si\/negozio\/"},{"@type":"ListItem","position":3,"name":"Boho glamur ogrlica iz tekstila Bele vrtnice"}]},{"@type":"WebSite","@id":"https:\/\/nanda.si\/it\/#website","url":"https:\/\/nanda.si\/it\/","name":"Ines Drole Nanda","description":"Umetelne tekstilne kreacije za edinstven dom in unikatna obla\u010dila.","publisher":{"@id":"https:\/\/nanda.si\/it\/#organization"},"potentialAction":[{"@type":"SearchAction","target":{"@type":"EntryPoint","urlTemplate":"https:\/\/nanda.si\/it\/?s={search_term_string}"},"query-input":{"@type":"PropertyValueSpecification","valueRequired":true,"valueName":"search_term_string"}}],"inLanguage":"it-IT"},{"@type":"Organization","@id":"https:\/\/nanda.si\/it\/#organization","name":"Ines Drole NANDA","url":"https:\/\/nanda.si\/it\/","logo":{"@type":"ImageObject","inLanguage":"it-IT","@id":"https:\/\/nanda.si\/it\/#\/schema\/logo\/image\/","url":"https:\/\/nanda.si\/wp-content\/uploads\/2022\/07\/logoNANDA-oval_Res.jpg","contentUrl":"https:\/\/nanda.si\/wp-content\/uploads\/2022\/07\/logoNANDA-oval_Res.jpg","width":600,"height":600,"caption":"Ines Drole NANDA"},"image":{"@id":"https:\/\/nanda.si\/it\/#\/schema\/logo\/image\/"}}]}},"_links":{"self":[{"href":"https:\/\/nanda.si\/it\/wp-json\/wp\/v2\/product\/3911","targetHints":{"allow":["GET"]}}],"collection":[{"href":"https:\/\/nanda.si\/it\/wp-json\/wp\/v2\/product"}],"about":[{"href":"https:\/\/nanda.si\/it\/wp-json\/wp\/v2\/types\/product"}],"replies":[{"embeddable":true,"href":"https:\/\/nanda.si\/it\/wp-json\/wp\/v2\/comments?post=3911"}],"wp:featuredmedia":[{"embeddable":true,"href":"https:\/\/nanda.si\/it\/wp-json\/wp\/v2\/media\/3914"}],"wp:attachment":[{"href":"https:\/\/nanda.si\/it\/wp-json\/wp\/v2\/media?parent=3911"}],"wp:term":[{"taxonomy":"product_brand","embeddable":true,"href":"https:\/\/nanda.si\/it\/wp-json\/wp\/v2\/product_brand?post=3911"},{"taxonomy":"product_cat","embeddable":true,"href":"https:\/\/nanda.si\/it\/wp-json\/wp\/v2\/product_cat?post=3911"},{"taxonomy":"product_tag","embeddable":true,"href":"https:\/\/nanda.si\/it\/wp-json\/wp\/v2\/product_tag?post=3911"}],"curies":[{"name":"wp","href":"https:\/\/api.w.org\/{rel}","templated":true}]}}