{"id":3378,"date":"2022-08-19T14:39:48","date_gmt":"2022-08-19T14:39:48","guid":{"rendered":"https:\/\/nanda.si\/?post_type=product&#038;p=3378"},"modified":"2024-10-31T19:15:00","modified_gmt":"2024-10-31T19:15:00","slug":"rumena-bombazna-majica-z-rokavom-metulj","status":"publish","type":"product","link":"https:\/\/nanda.si\/it\/prodotto\/rumena-bombazna-majica-z-rokavom-metulj\/","title":{"rendered":"Rumena bomba\u017ena majica z rokavom Metulj"},"content":{"rendered":"<h5><span style=\"color: #4f3333;\">Unikatna obla\u010dila NANDA za vsak dan izdelajo videz in pri\u010darajo razpolo\u017eenje. To so obleke izvirnega dizajna narejene iz kvalitetnih materialov, ki nudijo udobje in estetsko ugodje. Zgodbe iz tekstila.<\/span><\/h5>\n<p>&nbsp;<\/p>\n<p>&nbsp;<\/p>\n<p>&nbsp;<\/p>\n","protected":false},"excerpt":{"rendered":"<h5>Poletje se poslavlja in barve se prelivajo iz zelenih v rumeno, ravnokar uzrem \u0161e zadnjega metulja. Gor\u010di\u010dno rumena unikatna igriva bomba\u017ena majica z dolgim rokavom je zelo udobna in z ljubkim motivom \u010drnega metulja na prednjiku pritegne pogled. Visok ovratnik, ki se lahko obrne navzdol in kosmatena spodnja stran materiala (felpa) toplo varujeta pred mrazom. Kombinacija \u017eivahne barve in igrivih mehkih \u010drnih kroglic nanizanih na traku na obrobi ovratnika in rokavov vna\u0161a v sivi dan toplino sonca. Priporo\u010da se pranje v za\u0161\u010ditni vre\u010dki, s kratko centrifugo in likanje do 40 stopinj Cezija.<\/h5>\n<h5>Za posebne \u017eenske.<\/h5>\n<h5><\/h5>\n<h5><\/h5>\n","protected":false},"featured_media":3380,"comment_status":"closed","ping_status":"closed","template":"","meta":[],"product_brand":[],"product_cat":[20],"product_tag":[],"class_list":{"0":"post-3378","1":"product","2":"type-product","3":"status-publish","4":"has-post-thumbnail","6":"product_cat-uncategorized","8":"first","9":"instock","10":"shipping-taxable","11":"purchasable","12":"product-type-variable","13":"has-default-attributes"},"yoast_head":"<!-- This site is optimized with the Yoast SEO plugin v27.2 - https:\/\/yoast.com\/product\/yoast-seo-wordpress\/ -->\n<title>Rumena bomba\u017ena majica z rokavom Metulj | Ines Drole Nanda<\/title>\n<meta name=\"description\" content=\"Gor\u010di\u010dno rumena unikatna igriva bomba\u017ena majica z rokavom in ljubkim motivom metulja na prednjiku pritegne pogled in je udobna za no\u0161njo .\" \/>\n<meta name=\"robots\" content=\"index, follow, max-snippet:-1, max-image-preview:large, max-video-preview:-1\" \/>\n<link rel=\"canonical\" href=\"https:\/\/nanda.si\/it\/prodotto\/rumena-bombazna-majica-z-rokavom-metulj\/\" \/>\n<meta property=\"og:locale\" content=\"it_IT\" \/>\n<meta property=\"og:type\" content=\"article\" \/>\n<meta property=\"og:title\" content=\"Rumena bomba\u017ena majica z rokavom Metulj | Ines Drole Nanda\" \/>\n<meta property=\"og:description\" content=\"Gor\u010di\u010dno rumena unikatna igriva bomba\u017ena majica z rokavom in ljubkim motivom metulja na prednjiku pritegne pogled in je udobna za no\u0161njo .\" \/>\n<meta property=\"og:url\" content=\"https:\/\/nanda.si\/it\/prodotto\/rumena-bombazna-majica-z-rokavom-metulj\/\" \/>\n<meta property=\"og:site_name\" content=\"Ines Drole Nanda\" \/>\n<meta property=\"article:modified_time\" content=\"2024-10-31T19:15:00+00:00\" \/>\n<meta property=\"og:image\" content=\"https:\/\/nanda.si\/wp-content\/uploads\/2022\/08\/21.dizajnerska-majica-z-dolgim-rokavom-Gorcicna.jpg\" \/>\n\t<meta property=\"og:image:width\" content=\"600\" \/>\n\t<meta property=\"og:image:height\" content=\"600\" \/>\n\t<meta property=\"og:image:type\" content=\"image\/jpeg\" \/>\n<meta name=\"twitter:card\" content=\"summary_large_image\" \/>\n<meta name=\"twitter:label1\" content=\"Tempo di lettura stimato\" \/>\n\t<meta name=\"twitter:data1\" content=\"1 minuto\" \/>\n<script type=\"application\/ld+json\" class=\"yoast-schema-graph\">{\"@context\":\"https:\/\/schema.org\",\"@graph\":[{\"@type\":\"WebPage\",\"@id\":\"https:\/\/nanda.si\/it\/prodotto\/rumena-bombazna-majica-z-rokavom-metulj\/\",\"url\":\"https:\/\/nanda.si\/it\/prodotto\/rumena-bombazna-majica-z-rokavom-metulj\/\",\"name\":\"Rumena bomba\u017ena majica z rokavom Metulj | Ines Drole Nanda\",\"isPartOf\":{\"@id\":\"https:\/\/nanda.si\/it\/#website\"},\"primaryImageOfPage\":{\"@id\":\"https:\/\/nanda.si\/it\/prodotto\/rumena-bombazna-majica-z-rokavom-metulj\/#primaryimage\"},\"image\":{\"@id\":\"https:\/\/nanda.si\/it\/prodotto\/rumena-bombazna-majica-z-rokavom-metulj\/#primaryimage\"},\"thumbnailUrl\":\"https:\/\/nanda.si\/wp-content\/uploads\/2022\/08\/21.dizajnerska-majica-z-dolgim-rokavom-Gorcicna.jpg\",\"datePublished\":\"2022-08-19T14:39:48+00:00\",\"dateModified\":\"2024-10-31T19:15:00+00:00\",\"description\":\"Gor\u010di\u010dno rumena unikatna igriva bomba\u017ena majica z rokavom in ljubkim motivom metulja na prednjiku pritegne pogled in je udobna za no\u0161njo .\",\"breadcrumb\":{\"@id\":\"https:\/\/nanda.si\/it\/prodotto\/rumena-bombazna-majica-z-rokavom-metulj\/#breadcrumb\"},\"inLanguage\":\"it-IT\",\"potentialAction\":[{\"@type\":\"ReadAction\",\"target\":[\"https:\/\/nanda.si\/it\/prodotto\/rumena-bombazna-majica-z-rokavom-metulj\/\"]}]},{\"@type\":\"ImageObject\",\"inLanguage\":\"it-IT\",\"@id\":\"https:\/\/nanda.si\/it\/prodotto\/rumena-bombazna-majica-z-rokavom-metulj\/#primaryimage\",\"url\":\"https:\/\/nanda.si\/wp-content\/uploads\/2022\/08\/21.dizajnerska-majica-z-dolgim-rokavom-Gorcicna.jpg\",\"contentUrl\":\"https:\/\/nanda.si\/wp-content\/uploads\/2022\/08\/21.dizajnerska-majica-z-dolgim-rokavom-Gorcicna.jpg\",\"width\":600,\"height\":600},{\"@type\":\"BreadcrumbList\",\"@id\":\"https:\/\/nanda.si\/it\/prodotto\/rumena-bombazna-majica-z-rokavom-metulj\/#breadcrumb\",\"itemListElement\":[{\"@type\":\"ListItem\",\"position\":1,\"name\":\"Home\",\"item\":\"https:\/\/nanda.si\/it\/casa\/\"},{\"@type\":\"ListItem\",\"position\":2,\"name\":\"Negozio\",\"item\":\"https:\/\/nanda.si\/negozio\/\"},{\"@type\":\"ListItem\",\"position\":3,\"name\":\"Rumena bomba\u017ena majica z rokavom Metulj\"}]},{\"@type\":\"WebSite\",\"@id\":\"https:\/\/nanda.si\/it\/#website\",\"url\":\"https:\/\/nanda.si\/it\/\",\"name\":\"Ines Drole Nanda\",\"description\":\"Umetelne tekstilne kreacije za edinstven dom in unikatna obla\u010dila.\",\"publisher\":{\"@id\":\"https:\/\/nanda.si\/it\/#organization\"},\"potentialAction\":[{\"@type\":\"SearchAction\",\"target\":{\"@type\":\"EntryPoint\",\"urlTemplate\":\"https:\/\/nanda.si\/it\/?s={search_term_string}\"},\"query-input\":{\"@type\":\"PropertyValueSpecification\",\"valueRequired\":true,\"valueName\":\"search_term_string\"}}],\"inLanguage\":\"it-IT\"},{\"@type\":\"Organization\",\"@id\":\"https:\/\/nanda.si\/it\/#organization\",\"name\":\"Ines Drole NANDA\",\"url\":\"https:\/\/nanda.si\/it\/\",\"logo\":{\"@type\":\"ImageObject\",\"inLanguage\":\"it-IT\",\"@id\":\"https:\/\/nanda.si\/it\/#\/schema\/logo\/image\/\",\"url\":\"https:\/\/nanda.si\/wp-content\/uploads\/2022\/07\/logoNANDA-oval_Res.jpg\",\"contentUrl\":\"https:\/\/nanda.si\/wp-content\/uploads\/2022\/07\/logoNANDA-oval_Res.jpg\",\"width\":600,\"height\":600,\"caption\":\"Ines Drole NANDA\"},\"image\":{\"@id\":\"https:\/\/nanda.si\/it\/#\/schema\/logo\/image\/\"}}]}<\/script>\n<!-- \/ Yoast SEO plugin. -->","yoast_head_json":{"title":"Rumena bomba\u017ena majica z rokavom Metulj | Ines Drole Nanda","description":"Gor\u010di\u010dno rumena unikatna igriva bomba\u017ena majica z rokavom in ljubkim motivom metulja na prednjiku pritegne pogled in je udobna za no\u0161njo .","robots":{"index":"index","follow":"follow","max-snippet":"max-snippet:-1","max-image-preview":"max-image-preview:large","max-video-preview":"max-video-preview:-1"},"canonical":"https:\/\/nanda.si\/it\/prodotto\/rumena-bombazna-majica-z-rokavom-metulj\/","og_locale":"it_IT","og_type":"article","og_title":"Rumena bomba\u017ena majica z rokavom Metulj | Ines Drole Nanda","og_description":"Gor\u010di\u010dno rumena unikatna igriva bomba\u017ena majica z rokavom in ljubkim motivom metulja na prednjiku pritegne pogled in je udobna za no\u0161njo .","og_url":"https:\/\/nanda.si\/it\/prodotto\/rumena-bombazna-majica-z-rokavom-metulj\/","og_site_name":"Ines Drole Nanda","article_modified_time":"2024-10-31T19:15:00+00:00","og_image":[{"width":600,"height":600,"url":"https:\/\/nanda.si\/wp-content\/uploads\/2022\/08\/21.dizajnerska-majica-z-dolgim-rokavom-Gorcicna.jpg","type":"image\/jpeg"}],"twitter_card":"summary_large_image","twitter_misc":{"Tempo di lettura stimato":"1 minuto"},"schema":{"@context":"https:\/\/schema.org","@graph":[{"@type":"WebPage","@id":"https:\/\/nanda.si\/it\/prodotto\/rumena-bombazna-majica-z-rokavom-metulj\/","url":"https:\/\/nanda.si\/it\/prodotto\/rumena-bombazna-majica-z-rokavom-metulj\/","name":"Rumena bomba\u017ena majica z rokavom Metulj | Ines Drole Nanda","isPartOf":{"@id":"https:\/\/nanda.si\/it\/#website"},"primaryImageOfPage":{"@id":"https:\/\/nanda.si\/it\/prodotto\/rumena-bombazna-majica-z-rokavom-metulj\/#primaryimage"},"image":{"@id":"https:\/\/nanda.si\/it\/prodotto\/rumena-bombazna-majica-z-rokavom-metulj\/#primaryimage"},"thumbnailUrl":"https:\/\/nanda.si\/wp-content\/uploads\/2022\/08\/21.dizajnerska-majica-z-dolgim-rokavom-Gorcicna.jpg","datePublished":"2022-08-19T14:39:48+00:00","dateModified":"2024-10-31T19:15:00+00:00","description":"Gor\u010di\u010dno rumena unikatna igriva bomba\u017ena majica z rokavom in ljubkim motivom metulja na prednjiku pritegne pogled in je udobna za no\u0161njo .","breadcrumb":{"@id":"https:\/\/nanda.si\/it\/prodotto\/rumena-bombazna-majica-z-rokavom-metulj\/#breadcrumb"},"inLanguage":"it-IT","potentialAction":[{"@type":"ReadAction","target":["https:\/\/nanda.si\/it\/prodotto\/rumena-bombazna-majica-z-rokavom-metulj\/"]}]},{"@type":"ImageObject","inLanguage":"it-IT","@id":"https:\/\/nanda.si\/it\/prodotto\/rumena-bombazna-majica-z-rokavom-metulj\/#primaryimage","url":"https:\/\/nanda.si\/wp-content\/uploads\/2022\/08\/21.dizajnerska-majica-z-dolgim-rokavom-Gorcicna.jpg","contentUrl":"https:\/\/nanda.si\/wp-content\/uploads\/2022\/08\/21.dizajnerska-majica-z-dolgim-rokavom-Gorcicna.jpg","width":600,"height":600},{"@type":"BreadcrumbList","@id":"https:\/\/nanda.si\/it\/prodotto\/rumena-bombazna-majica-z-rokavom-metulj\/#breadcrumb","itemListElement":[{"@type":"ListItem","position":1,"name":"Home","item":"https:\/\/nanda.si\/it\/casa\/"},{"@type":"ListItem","position":2,"name":"Negozio","item":"https:\/\/nanda.si\/negozio\/"},{"@type":"ListItem","position":3,"name":"Rumena bomba\u017ena majica z rokavom Metulj"}]},{"@type":"WebSite","@id":"https:\/\/nanda.si\/it\/#website","url":"https:\/\/nanda.si\/it\/","name":"Ines Drole Nanda","description":"Umetelne tekstilne kreacije za edinstven dom in unikatna obla\u010dila.","publisher":{"@id":"https:\/\/nanda.si\/it\/#organization"},"potentialAction":[{"@type":"SearchAction","target":{"@type":"EntryPoint","urlTemplate":"https:\/\/nanda.si\/it\/?s={search_term_string}"},"query-input":{"@type":"PropertyValueSpecification","valueRequired":true,"valueName":"search_term_string"}}],"inLanguage":"it-IT"},{"@type":"Organization","@id":"https:\/\/nanda.si\/it\/#organization","name":"Ines Drole NANDA","url":"https:\/\/nanda.si\/it\/","logo":{"@type":"ImageObject","inLanguage":"it-IT","@id":"https:\/\/nanda.si\/it\/#\/schema\/logo\/image\/","url":"https:\/\/nanda.si\/wp-content\/uploads\/2022\/07\/logoNANDA-oval_Res.jpg","contentUrl":"https:\/\/nanda.si\/wp-content\/uploads\/2022\/07\/logoNANDA-oval_Res.jpg","width":600,"height":600,"caption":"Ines Drole NANDA"},"image":{"@id":"https:\/\/nanda.si\/it\/#\/schema\/logo\/image\/"}}]}},"_links":{"self":[{"href":"https:\/\/nanda.si\/it\/wp-json\/wp\/v2\/product\/3378","targetHints":{"allow":["GET"]}}],"collection":[{"href":"https:\/\/nanda.si\/it\/wp-json\/wp\/v2\/product"}],"about":[{"href":"https:\/\/nanda.si\/it\/wp-json\/wp\/v2\/types\/product"}],"replies":[{"embeddable":true,"href":"https:\/\/nanda.si\/it\/wp-json\/wp\/v2\/comments?post=3378"}],"wp:featuredmedia":[{"embeddable":true,"href":"https:\/\/nanda.si\/it\/wp-json\/wp\/v2\/media\/3380"}],"wp:attachment":[{"href":"https:\/\/nanda.si\/it\/wp-json\/wp\/v2\/media?parent=3378"}],"wp:term":[{"taxonomy":"product_brand","embeddable":true,"href":"https:\/\/nanda.si\/it\/wp-json\/wp\/v2\/product_brand?post=3378"},{"taxonomy":"product_cat","embeddable":true,"href":"https:\/\/nanda.si\/it\/wp-json\/wp\/v2\/product_cat?post=3378"},{"taxonomy":"product_tag","embeddable":true,"href":"https:\/\/nanda.si\/it\/wp-json\/wp\/v2\/product_tag?post=3378"}],"curies":[{"name":"wp","href":"https:\/\/api.w.org\/{rel}","templated":true}]}}