{"id":6246,"date":"2022-04-23T19:35:52","date_gmt":"2022-04-23T19:35:52","guid":{"rendered":"https:\/\/nanda.si\/termini-e-condizioni-generali\/"},"modified":"2025-06-20T11:25:09","modified_gmt":"2025-06-20T11:25:09","slug":"termini-e-condizioni-generali","status":"publish","type":"page","link":"https:\/\/nanda.si\/it\/termini-e-condizioni-generali\/","title":{"rendered":"Termini e condizioni generali"},"content":{"rendered":"\n<p>Termini e condizioni generali<\/p>\n\n<p>Le Condizioni Generali sono valide dal 1.6.2022 fino alla loro revoca.<\/p>\n\n<p>Il visitatore del sito web www.nanda.si (di seguito indicato come utente) accetta i termini e le condizioni di seguito riportati. L&#8217;autrice Ines Drole, che gestisce il negozio online NANDA (di seguito denominata fornitore), si riserva il diritto di apportare modifiche ai termini e alle condizioni degli articoli elencati di seguito senza preavviso, che saranno accessibili in qualsiasi momento su questo sito web, senza ulteriore avviso all&#8217;utente. In caso di modifica di specifici articoli dei Termini e Condizioni Generali, la modifica sar\u00e0 indicata dalla data di modifica in calce ai Termini e Condizioni Generali e dal codice dell&#8217;articolo che \u00e8 stato modificato.  <\/p>\n\n<p>Gli articoli dei Termini e Condizioni sono modificati di volta in volta e le modifiche sono debitamente annotate con la data dell&#8217;ultima modifica. Se continui a utilizzare i nostri servizi, si riterr\u00e0 che tu abbia compreso e accettato pienamente le modifiche. <\/p>\n\n<p>I Termini e le Condizioni Generali del negozio online www.nanda.si sono redatti sulla base della Legge sulla Protezione dei Consumatori (ZVPot), delle raccomandazioni della Camera di Commercio e dell&#8217;Industria e dei codici internazionali dell&#8217;e-commerce e sono conformi alla legislazione europea (Regolamento (UE) 2016\/697 sulla protezione delle persone fisiche con riguardo al trattamento dei dati personali e alla circolazione di tali dati (Regolamento Generale sulla Protezione dei Dati) e alle convenzioni del Consiglio d&#8217;Europa (ETS No.108, ETS No.181, ETS No.185, ETS No.189), la legislazione nazionale della Repubblica di Slovenia con la Legge sulla Protezione dei Dati Personali (ZVOP-1, Gazzetta delle Leggi della Repubblica di Slovenia, No.94\/07), la Legge sul Commercio Elettronico sul Mercato (ZEPT, Gazzetta delle Leggi della Repubblica di Slovenia, No.96\/09 e 19\/15) e altre.<\/p>\n\n<p><strong>Contatto<\/strong><\/p>\n\n<p>Ines Drole NANDA stilista, ODD<\/p>\n\n<p>AJPES Reg.No:18577 (A6,B1)<\/p>\n\n<p>Vogrsko 64 a, 5293 Vol\u010dja draga<\/p>\n\n<p>Tel: 041 584 399<\/p>\n\n<p>E-mail: info@nanda.si<\/p>\n\n<p><strong>Utilizzo del sito web<\/strong><\/p>\n\n<p>L \u201cutente si impegna a utilizzare il sito web in modo lecito e, in caso di abuso dei presenti termini e condizioni, il provider potr\u00e0 negare l\u201d accesso in modo temporaneo o permanente (a seconda della gravit\u00e0 della violazione).<\/p>\n\n<p>L \u201cutilizzo del sito web non crea alcun contratto o rapporto contrattuale tra l\u201d utente e il fornitore. L \u201cUtente non avr\u00e0 altri obblighi derivanti dall\u201d uso del Sito web oltre a quelli indicati nei presenti Termini e condizioni. <\/p>\n\n<p>Il Fornitore si riserva il diritto di limitare l \u201caccesso al negozio online, a determinate parti del sito web o a singole funzionalit\u00e0 in qualsiasi momento (ad esempio solo per gli utenti registrati o gli abbonati) o di subordinare l\u201d accesso al soddisfacimento di determinate condizioni.<\/p>\n\n<p><strong>Come effettuare un acquisto<\/strong><\/p>\n\n<p>Trova il prodotto che desideri nel negozio online e cliccaci sopra. Verrai indirizzato a un menu di acquisto chiamato carrello, dove troverai informazioni pi\u00f9 dettagliate sul prodotto, la sua composizione, il prezzo, i prezzi promozionali, la durata della\/e promozione\/i, i costi di consegna, le taglie e le scorte. Se desideri avere lo stesso prodotto in pi\u00f9 taglie, dovrai completare\/ripetere il processo di inserimento nel carrello per ogni taglia.  <\/p>\n\n<p>In questo passaggio devi specificare la quantit\u00e0 e anche il colore se il prodotto \u00e8 disponibile in diverse combinazioni di colori. Se non inserisci nulla, verr\u00e0 selezionato automaticamente un pezzo. Cliccando sul carrello passerai alla fase successiva del processo di acquisto.  <\/p>\n\n<p>Se vuoi altri prodotti, puoi continuare i tuoi acquisti (clicca su continua gli acquisti) o completarli (clicca su completa gli acquisti).<\/p>\n\n<p>Se per errore non hai selezionato la quantit\u00e0 o il colore che desideri, clicca sul link Modifica per aggiornare la quantit\u00e0 e continuare l \u201cacquisto. Se non hai selezionato la quantit\u00e0 corretta all\u201d inizio, puoi correggerla qui nella casella Quantit\u00e0. <\/p>\n\n<p>Se non vuoi un articolo nel carrello, puoi rimuoverlo cliccando sull&#8217;icona &#8220;Rimuovi&#8221; all&#8217;estrema destra. Il prezzo di ogni prodotto \u00e8 elencato qui, cos\u00ec come le spese di spedizione. Cliccando su Termina l&#8217;acquisto passerai alla fase successiva. Puoi interrompere il processo di acquisto in qualsiasi momento.   <\/p>\n\n<p>Devi inserire i dettagli della fattura. I campi contrassegnati da un asterisco devono essere compilati. Se non compili correttamente uno di questi campi, il software ti avviser\u00e0 automaticamente.  <\/p>\n\n<p>Puoi accedere al negozio online www.nanda.si come utente registrato o come ospite. Il contenuto del negozio online \u00e8 accessibile anche agli utenti anonimi. Gli utenti registrati forniscono le informazioni richieste durante il processo di registrazione. Ad ogni utente registrato vengono assegnati un nome utente e una password, che sono riservati. \u00c8 responsabilit\u00e0 dell \u201cutente assicurarsi che il suo nome utente e la sua password siano utilizzati esclusivamente da lui o da una persona da lui autorizzata. Ogni utente \u00e8 l\u201d unico responsabile dei contenuti che inserisce su www.nanda.si.      <\/p>\n\n<p>Le seguenti fasi tecniche sono a disposizione dell&#8217;utente (acquirente) durante il processo di acquisto:<\/p>\n\n<p>&#8211; accedendo e registrandosi al negozio online utilizzando il tuo indirizzo e-mail e la tua password<\/p>\n\n<p>&#8211; cercare un prodotto nella gamma di prodotti del negozio online<\/p>\n\n<p>&#8211; selezionare un prodotto da acquistare<\/p>\n\n<p>&#8211; aggiungere un prodotto selezionato al carrello per l&#8217;acquisto<\/p>\n\n<p>&#8211; determinare la quantit\u00e0 di un prodotto da acquistare nel carrello della spesa<\/p>\n\n<p>&#8211; visualizzare il prezzo del prodotto selezionato nella quantit\u00e0 selezionata<\/p>\n\n<p>&#8211; scelta del metodo di consegna (ritiro personale o ritiro postale)<\/p>\n\n<p>&#8211; scelta del metodo di pagamento<\/p>\n\n<p>&#8211; un riepilogo dell&#8217;ordine, con il metodo di consegna scelto e le eventuali spese di spedizione<\/p>\n\n<p>&#8211; la conferma e l&#8217;aggiudicazione dell&#8217;ordine, completando cos\u00ec l&#8217;acquisto<\/p>\n\n<p>Tutti gli ordini di peso inferiore a 2 kg vengono inviati per posta raccomandata.<\/p>\n\n<p>Il prezzo dell&#8217;affrancatura \u00e8 calcolato in base al listino prezzi dei servizi postali nel traffico interno delle Poste della Slovenia.<\/p>\n\n<p><strong>Presentazione del prodotto<\/strong><\/p>\n\n<p>Il fornitore si impegna a mantenere le informazioni fornite online il pi\u00f9 possibile aggiornate e corrette. Tuttavia, le caratteristiche dei prodotti, i tempi di consegna e i prezzi sono soggetti a modifiche, pertanto esiste una minima possibilit\u00e0 che il fornitore non sia in grado di correggere le informazioni sul sito web contemporaneamente alla modifica. In tal caso, l \u201cacquirente sar\u00e0 informato delle modifiche e avr\u00e0 la possibilit\u00e0 di annullare l\u201d ordine o di cambiare il prodotto ordinato.  <\/p>\n\n<p>Le immagini dei prodotti presenti nel negozio online o in qualsiasi punto del sito web sono simboliche e non ne garantiscono le propriet\u00e0. Il Fornitore si riserva il diritto di segnalare lievi discrepanze tra le descrizioni e le caratteristiche effettive dei prodotti. Il Fornitore non \u00e8 vincolato dalla descrizione del prodotto o dal prezzo pubblicato del prodotto se la descrizione o il prezzo sono il risultato di un errore di inserimento o se la descrizione o il prezzo errati sono stati fatti senza colpa del Fornitore.  <\/p>\n\n<p>I prodotti NANDA sono fatti a mano e unici, con variazioni minime tra i colori dei prodotti reali e quelli della fotografia.<\/p>\n\n<p><strong>Prezzi dei prodotti<\/strong><\/p>\n\n<p>I prezzi dei prodotti sono espressi in euro e non includono l \u201cIVA (non sono un soggetto passivo). Tutti i prezzi e gli eventuali sconti sono validi al momento dell\u201d ordine. Il fornitore si riserva il diritto di modificare i prezzi senza preavviso.  <\/p>\n\n<p>Le spese di spedizione non sono incluse nel prezzo del prodotto e vengono addebitate alla cassa al momento del completamento dell&#8217;ordine.<\/p>\n\n<p><strong>Modalit\u00e0 di pagamento e consegna<\/strong><\/p>\n\n<p><em>Su www.nanda.si puoi pagare tramite bonifico bancario utilizzando la piattaforma Stripe, che registra il flusso in uscita direttamente sul tuo conto corrente.<\/em><\/p>\n\n<p>Nel negozio online www.nanda.si \u00e8 possibile pagare anche tramite bonifico sul tuo TRR, dopo aver ricevuto una notifica con tutti i dettagli del conto e l \u201cimporto da accreditare al momento dell\u201d acquisto.<\/p>\n\n<p><strong>Consegna<\/strong><\/p>\n\n<p>Tutti gli ordini fino a 2 kg di peso vengono spediti con lettera raccomandata delle Poste slovene. Il prezzo di spedizione \u00e8 calcolato in base al listino prezzi dei servizi postali nel traffico interno delle Poste slovene. <\/p>\n\n<p>Il fornitore invier\u00e0 i prodotti in stock all \u201cindirizzo specificato tramite Slovenia Post entro 1-3 giorni lavorativi. Normalmente, l\u201d arrivo dei prodotti tramite le Poste slovene richiede 1-2 giorni. <\/p>\n\n<p>In caso di produzione su ordinazione e di tempi di consegna pi\u00f9 lunghi, il fornitore informer\u00e0 l \u201cutente tramite e-mail o il numero di telefono fornito al momento dell\u201d ordine.<\/p>\n\n<p>In assenza del fornitore, quest&#8217;ultimo si impegna a consegnare all&#8217;utente i prodotti ordinati entro 45 giorni dalla conferma dell&#8217;ordine via e-mail. Il Fornitore non sar\u00e0 responsabile di eventuali ritardi nella consegna oltre il termine di consegna se il ritardo \u00e8 causato da altri eventi imprevisti, esterni o sotto il controllo del Fornitore. <\/p>\n\n<p><strong>ACQUISTO e RESTITUZIONE DEGLI ARTICOLI 100% SICURI<\/strong><\/p>\n\n<p>Per gli articoli esauriti, garantiamo un periodo di restituzione di 30 giorni per i prodotti acquistati ma non utilizzati. Se il prodotto non \u00e8 adatto e vuoi restituirlo, puoi inviarlo a Ines Drole NANDA, Vogrsko 64 a, 5293 Vol\u010dja draga. <\/p>\n\n<p>In conformit\u00e0 alle disposizioni dell \u201carticolo 43 della legge sulla protezione dei consumatori (ZvPot), il consumatore ha il diritto di comunicare all\u201d azienda, entro quattordici (14) giorni dal ricevimento della merce, il proprio recesso dall \u201cordine\/contratto inviando un\u201d e-mail all \u201cindirizzo di contatto info@nanda.si, senza fornire alcuna motivazione della propria decisione. La comunicazione sar\u00e0 considerata tempestiva se effettuata entro il periodo di 14 giorni per iscritto o via e-mail. La spedizione della merce restituita a Vogrsko 64 a, 5293 Vol\u010dja draga dovr\u00e0 essere effettuata entro ulteriori 30 giorni dalla data della comunicazione e l\u201d Acquirente dovr\u00e0 sostenere le spese di restituzione della merce.   <\/p>\n\n<p>In caso di recesso dal contratto, il Venditore rimborser\u00e0 tutti i pagamenti ricevuti per i prodotti, esclusi i costi di spedizione, entro e non oltre 7 giorni dal ricevimento della merce restituita. Il prodotto deve essere inutilizzato, non danneggiato e nella sua confezione originale non danneggiata con tutta la documentazione di accompagnamento. L&#8217;offerente non sar\u00e0 obbligato ad accettare le spedizioni con una nota di riscatto o le spedizioni non conformi ai termini e alle condizioni generali dell&#8217;offerente. I pacchi consegnati al nostro indirizzo con affrancatura anticipata o con affrancatura a carico del destinatario saranno respinti e restituiti al mittente a spese di quest&#8217;ultimo.    <\/p>\n\n<p>I prodotti personalizzati e quelli realizzati su ordinazione del cliente <strong>NON SONO RIMBORSABILI. <\/strong>Il consumatore non ha il diritto di recedere dal contratto in caso di contratti aventi per oggetto un articolo realizzato secondo le precise istruzioni del consumatore, ossia su misura per le sue esigenze personali e preferenze specifiche (lunghezza, larghezza, scelta diversa di tessuto, colore, stampa, prodotti personalizzati, ecc.)<\/p>\n\n<p>Se l&#8217;utente restituisce il prodotto, che \u00e8 gi\u00e0 stato usato e non \u00e8 adatto alla rivendita per motivi igienici, il venditore pu\u00f2 chiedere un risarcimento.<\/p>\n\n<p><strong>Restituzione di un articolo<\/strong><\/p>\n\n<p>I resi possono essere effettuati presentando una fattura:<\/p>\n\n<p>1. Se il tuo prodotto ha sviluppato un guasto che non \u00e8 stato causato da un tuo uso improprio o non \u00e8 il risultato di una tua azione, puoi inviarci un reclamo. Invia il tuo reclamo a info@nanda.si.  <\/p>\n\n<p>Ti preghiamo di spiegare il motivo del tuo reclamo nel modo pi\u00f9 chiaro possibile via e-mail, in modo che possiamo risolverlo nel modo pi\u00f9 semplice e veloce possibile. Ti preghiamo di includere i tuoi dati (nome e cognome, indirizzo di residenza) e un numero di contatto in modo da poterti tenere informato sull&#8217;andamento del reclamo. <\/p>\n\n<p>3. Invia il prodotto a Ines Drole, Vogrsko 64a, 5293 Vol\u010dja draga. Allega al pacco una copia della fattura, i tuoi dati e una descrizione del difetto. Ti preghiamo di imballare il prodotto in una confezione protettiva adeguata per garantire che non subisca danni.  <\/p>\n\n<p>4. Il prodotto oggetto del reclamo, insieme a tutta la documentazione pertinente, verr\u00e0 esaminato e sarai informato il prima possibile sui passi successivi da compiere. \u00c8 possibile riparare il prodotto, sostituirlo o rimborsare il prezzo di acquisto, comprese le spese di spedizione sostenute al momento dell&#8217;ordine. <\/p>\n\n<p><strong>Esclusione di responsabilit\u00e0<\/strong><\/p>\n\n<p>Il Fornitore non garantisce che i contenuti pubblicati sul sito web siano accurati, completi o corretti e non sar\u00e0 responsabile per eventuali danni causati all&#8217;Utente in seguito all&#8217;affidamento sui contenuti pubblicati. In nessun caso il contenuto pubblicato sul sito web pu\u00f2 essere considerato un&#8217;offerta ai sensi del Codice delle Obbligazioni. <\/p>\n\n<p>Il Fornitore non fornisce alcuna garanzia in merito alle prestazioni o alla disponibilit\u00e0 del Sito web e non sar\u00e0 responsabile per eventuali danni causati all \u201cUtente a causa dell\u201d indisponibilit\u00e0 o del mancato funzionamento del Sito web o del suo malfunzionamento.<\/p>\n\n<p>Il Fornitore non sar\u00e0 responsabile di eventuali danni all&#8217;hardware, al software o ad altre apparecchiature dell&#8217;Utente che possano derivare dall&#8217;uso del Sito web. \u00c8 responsabilit\u00e0 dell&#8217;utente assicurarsi che l&#8217;attrezzatura utilizzata per accedere al sito web sia adeguatamente protetta (antivirus, ecc.). <\/p>\n\n<p>Le immagini dei prodotti sono solo a scopo illustrativo e informativo e possono variare leggermente rispetto alla merce effettivamente fornita.<\/p>\n\n<p><strong>Diritto di propriet\u00e0 intellettuale<\/strong><\/p>\n\n<p>L&#8217;intero contenuto del sito, indipendentemente dalla forma in cui \u00e8 espresso, \u00e8 protetto da copyright. Il titolare del copyright dei contenuti pubblicati \u00e8 Ines Drole o la persona espressamente indicata come tale nel contenuto. <\/p>\n\n<p>Tutti i diritti d \u201cautore sono riservati ai rispettivi titolari. In nessun caso la pubblicazione di contenuti sul Sito web potr\u00e0 essere interpretata come una rinuncia a qualsiasi diritto d\u201d autore sui contenuti del Sito web. <\/p>\n\n<p>\u00c8 vietato l \u201cutilizzo di qualsiasi contenuto pubblicato sul sito web per scopi diversi dalla visione personale dell\u201d utente senza l \u201cesplicito consenso scritto del fornitore o del titolare del copyright. \u00c8 inoltre vietato utilizzare i contenuti in modo tale da incorporare l\u201d intero sito web in un altro sito web. La violazione pu\u00f2 comportare responsabilit\u00e0 civili e penali.  <\/p>\n\n<p><strong>Risoluzione extragiudiziale delle controversie<\/strong><\/p>\n\n<p>In conformit\u00e0 alle norme di legge, il Gestore non riconosce alcun fornitore di servizi di risoluzione extragiudiziale delle controversie in materia di consumo come competente per la risoluzione di una controversia in materia di consumo che un consumatore pu\u00f2 presentare ai sensi della Legge sulla risoluzione extragiudiziale delle controversie in materia di consumo. Ines Drole, in qualit\u00e0 di fornitore di beni attraverso il commercio online nel territorio della Repubblica di Slovenia, pubblica sul proprio sito web un link elettronico alla piattaforma di risoluzione delle controversie online dei consumatori (ODRP). La piattaforma \u00e8 a disposizione dei consumatori al seguente indirizzo: https:\/\/ec.europa.eu\/consumers\/odr.  <\/p>\n\n<p>Queste regole si basano sulla Legge sulla risoluzione extragiudiziale delle controversie dei consumatori, sul Regolamento (UE) n. 524\/2013 del Parlamento europeo e del Consiglio relativo alla risoluzione delle controversie online dei consumatori e che modifica il Regolamento (CE) n. 2016\/2004 e la Direttiva 2009\/22\/CE.  <\/p>\n\n<p><strong>Protezione e trattamento dei dati personali<\/strong><\/p>\n\n<p>La proprietaria del negozio online NANDA \u00e8 Ines Drole ed \u00e8 tenuta a proteggere i dati personali dei suoi utenti in conformit\u00e0 con la legge sulla protezione dei dati personali (ZVOP-1-UPB1).<\/p>\n\n<p><strong>Informativa sulla privacy e cookie<\/strong><\/p>\n\n<p>Il Fornitore utilizza i cookie solo per raccogliere informazioni relative all \u201cutilizzo del sito web e per ottimizzare le proprie attivit\u00e0 pubblicitarie su internet, per consentire all\u201d utente di accedere a tutte le informazioni presenti sul sito e per permettere al Fornitore di riconoscere il computer dell \u201cutente alla successiva visita del sito web. I cookie pubblicitari tracciano l\u201d utilizzo del sito web del fornitore da parte di un individuo, a meno che quest \u201cultimo non acconsenta all\u201d uso dei cookie sul sito. <\/p>\n\n<p>Puoi cancellarti dalla newsletter in qualsiasi momento inviando un&#8217;e-mail a info@nanda.si, cos\u00ec come modificare i tuoi dati personali (indirizzo e-mail, indirizzo fisico, numero di telefono).<\/p>\n","protected":false},"excerpt":{"rendered":"<p>Termini e condizioni generali Le Condizioni Generali sono valide dal 1.6.2022 fino alla loro revoca. Il visitatore del sito web www.nanda.si (di seguito indicato come utente) accetta i termini e&hellip;<\/p>\n","protected":false},"author":201,"featured_media":0,"parent":0,"menu_order":0,"comment_status":"closed","ping_status":"closed","template":"","meta":{"footnotes":""},"class_list":["post-6246","page","type-page","status-publish","hentry"],"yoast_head":"<!-- This site is optimized with the Yoast SEO plugin v27.2 - https:\/\/yoast.com\/product\/yoast-seo-wordpress\/ -->\n<title>Termini e condizioni generali | Ines Drole Nanda<\/title>\n<meta name=\"description\" content=\"I Termini e le Condizioni Generali e le altre informazioni garantiscono un rapporto equo e di fiducia reciproca tra l&#039;utente e il fornitore.\" \/>\n<meta name=\"robots\" content=\"index, follow, max-snippet:-1, max-image-preview:large, max-video-preview:-1\" \/>\n<link rel=\"canonical\" href=\"https:\/\/nanda.si\/it\/termini-e-condizioni-generali\/\" \/>\n<meta property=\"og:locale\" content=\"it_IT\" \/>\n<meta property=\"og:type\" content=\"article\" \/>\n<meta property=\"og:title\" content=\"Termini e condizioni generali | Ines Drole Nanda\" \/>\n<meta property=\"og:description\" content=\"I Termini e le Condizioni Generali e le altre informazioni garantiscono un rapporto equo e di fiducia reciproca tra l&#039;utente e il fornitore.\" \/>\n<meta property=\"og:url\" content=\"https:\/\/nanda.si\/it\/termini-e-condizioni-generali\/\" \/>\n<meta property=\"og:site_name\" content=\"Ines Drole Nanda\" \/>\n<meta property=\"article:modified_time\" content=\"2025-06-20T11:25:09+00:00\" \/>\n<meta name=\"twitter:card\" content=\"summary_large_image\" \/>\n<meta name=\"twitter:label1\" content=\"Tempo di lettura stimato\" \/>\n\t<meta name=\"twitter:data1\" content=\"12 minuti\" \/>\n<script type=\"application\/ld+json\" class=\"yoast-schema-graph\">{\"@context\":\"https:\/\/schema.org\",\"@graph\":[{\"@type\":\"WebPage\",\"@id\":\"https:\/\/nanda.si\/it\/termini-e-condizioni-generali\/\",\"url\":\"https:\/\/nanda.si\/it\/termini-e-condizioni-generali\/\",\"name\":\"Termini e condizioni generali | Ines Drole Nanda\",\"isPartOf\":{\"@id\":\"https:\/\/nanda.si\/it\/#website\"},\"datePublished\":\"2022-04-23T19:35:52+00:00\",\"dateModified\":\"2025-06-20T11:25:09+00:00\",\"description\":\"I Termini e le Condizioni Generali e le altre informazioni garantiscono un rapporto equo e di fiducia reciproca tra l'utente e il fornitore.\",\"breadcrumb\":{\"@id\":\"https:\/\/nanda.si\/it\/termini-e-condizioni-generali\/#breadcrumb\"},\"inLanguage\":\"it-IT\",\"potentialAction\":[{\"@type\":\"ReadAction\",\"target\":[\"https:\/\/nanda.si\/it\/termini-e-condizioni-generali\/\"]}]},{\"@type\":\"BreadcrumbList\",\"@id\":\"https:\/\/nanda.si\/it\/termini-e-condizioni-generali\/#breadcrumb\",\"itemListElement\":[{\"@type\":\"ListItem\",\"position\":1,\"name\":\"Home\",\"item\":\"https:\/\/nanda.si\/it\/casa\/\"},{\"@type\":\"ListItem\",\"position\":2,\"name\":\"Termini e condizioni generali\"}]},{\"@type\":\"WebSite\",\"@id\":\"https:\/\/nanda.si\/it\/#website\",\"url\":\"https:\/\/nanda.si\/it\/\",\"name\":\"Ines Drole Nanda\",\"description\":\"Umetelne tekstilne kreacije za edinstven dom in unikatna obla\u010dila.\",\"publisher\":{\"@id\":\"https:\/\/nanda.si\/it\/#organization\"},\"potentialAction\":[{\"@type\":\"SearchAction\",\"target\":{\"@type\":\"EntryPoint\",\"urlTemplate\":\"https:\/\/nanda.si\/it\/?s={search_term_string}\"},\"query-input\":{\"@type\":\"PropertyValueSpecification\",\"valueRequired\":true,\"valueName\":\"search_term_string\"}}],\"inLanguage\":\"it-IT\"},{\"@type\":\"Organization\",\"@id\":\"https:\/\/nanda.si\/it\/#organization\",\"name\":\"Ines Drole NANDA\",\"url\":\"https:\/\/nanda.si\/it\/\",\"logo\":{\"@type\":\"ImageObject\",\"inLanguage\":\"it-IT\",\"@id\":\"https:\/\/nanda.si\/it\/#\/schema\/logo\/image\/\",\"url\":\"https:\/\/nanda.si\/wp-content\/uploads\/2022\/07\/logoNANDA-oval_Res.jpg\",\"contentUrl\":\"https:\/\/nanda.si\/wp-content\/uploads\/2022\/07\/logoNANDA-oval_Res.jpg\",\"width\":600,\"height\":600,\"caption\":\"Ines Drole NANDA\"},\"image\":{\"@id\":\"https:\/\/nanda.si\/it\/#\/schema\/logo\/image\/\"}}]}<\/script>\n<!-- \/ Yoast SEO plugin. -->","yoast_head_json":{"title":"Termini e condizioni generali | Ines Drole Nanda","description":"I Termini e le Condizioni Generali e le altre informazioni garantiscono un rapporto equo e di fiducia reciproca tra l'utente e il fornitore.","robots":{"index":"index","follow":"follow","max-snippet":"max-snippet:-1","max-image-preview":"max-image-preview:large","max-video-preview":"max-video-preview:-1"},"canonical":"https:\/\/nanda.si\/it\/termini-e-condizioni-generali\/","og_locale":"it_IT","og_type":"article","og_title":"Termini e condizioni generali | Ines Drole Nanda","og_description":"I Termini e le Condizioni Generali e le altre informazioni garantiscono un rapporto equo e di fiducia reciproca tra l'utente e il fornitore.","og_url":"https:\/\/nanda.si\/it\/termini-e-condizioni-generali\/","og_site_name":"Ines Drole Nanda","article_modified_time":"2025-06-20T11:25:09+00:00","twitter_card":"summary_large_image","twitter_misc":{"Tempo di lettura stimato":"12 minuti"},"schema":{"@context":"https:\/\/schema.org","@graph":[{"@type":"WebPage","@id":"https:\/\/nanda.si\/it\/termini-e-condizioni-generali\/","url":"https:\/\/nanda.si\/it\/termini-e-condizioni-generali\/","name":"Termini e condizioni generali | Ines Drole Nanda","isPartOf":{"@id":"https:\/\/nanda.si\/it\/#website"},"datePublished":"2022-04-23T19:35:52+00:00","dateModified":"2025-06-20T11:25:09+00:00","description":"I Termini e le Condizioni Generali e le altre informazioni garantiscono un rapporto equo e di fiducia reciproca tra l'utente e il fornitore.","breadcrumb":{"@id":"https:\/\/nanda.si\/it\/termini-e-condizioni-generali\/#breadcrumb"},"inLanguage":"it-IT","potentialAction":[{"@type":"ReadAction","target":["https:\/\/nanda.si\/it\/termini-e-condizioni-generali\/"]}]},{"@type":"BreadcrumbList","@id":"https:\/\/nanda.si\/it\/termini-e-condizioni-generali\/#breadcrumb","itemListElement":[{"@type":"ListItem","position":1,"name":"Home","item":"https:\/\/nanda.si\/it\/casa\/"},{"@type":"ListItem","position":2,"name":"Termini e condizioni generali"}]},{"@type":"WebSite","@id":"https:\/\/nanda.si\/it\/#website","url":"https:\/\/nanda.si\/it\/","name":"Ines Drole Nanda","description":"Umetelne tekstilne kreacije za edinstven dom in unikatna obla\u010dila.","publisher":{"@id":"https:\/\/nanda.si\/it\/#organization"},"potentialAction":[{"@type":"SearchAction","target":{"@type":"EntryPoint","urlTemplate":"https:\/\/nanda.si\/it\/?s={search_term_string}"},"query-input":{"@type":"PropertyValueSpecification","valueRequired":true,"valueName":"search_term_string"}}],"inLanguage":"it-IT"},{"@type":"Organization","@id":"https:\/\/nanda.si\/it\/#organization","name":"Ines Drole NANDA","url":"https:\/\/nanda.si\/it\/","logo":{"@type":"ImageObject","inLanguage":"it-IT","@id":"https:\/\/nanda.si\/it\/#\/schema\/logo\/image\/","url":"https:\/\/nanda.si\/wp-content\/uploads\/2022\/07\/logoNANDA-oval_Res.jpg","contentUrl":"https:\/\/nanda.si\/wp-content\/uploads\/2022\/07\/logoNANDA-oval_Res.jpg","width":600,"height":600,"caption":"Ines Drole NANDA"},"image":{"@id":"https:\/\/nanda.si\/it\/#\/schema\/logo\/image\/"}}]}},"_links":{"self":[{"href":"https:\/\/nanda.si\/it\/wp-json\/wp\/v2\/pages\/6246","targetHints":{"allow":["GET"]}}],"collection":[{"href":"https:\/\/nanda.si\/it\/wp-json\/wp\/v2\/pages"}],"about":[{"href":"https:\/\/nanda.si\/it\/wp-json\/wp\/v2\/types\/page"}],"author":[{"embeddable":true,"href":"https:\/\/nanda.si\/it\/wp-json\/wp\/v2\/users\/201"}],"replies":[{"embeddable":true,"href":"https:\/\/nanda.si\/it\/wp-json\/wp\/v2\/comments?post=6246"}],"version-history":[{"count":1,"href":"https:\/\/nanda.si\/it\/wp-json\/wp\/v2\/pages\/6246\/revisions"}],"predecessor-version":[{"id":6247,"href":"https:\/\/nanda.si\/it\/wp-json\/wp\/v2\/pages\/6246\/revisions\/6247"}],"wp:attachment":[{"href":"https:\/\/nanda.si\/it\/wp-json\/wp\/v2\/media?parent=6246"}],"curies":[{"name":"wp","href":"https:\/\/api.w.org\/{rel}","templated":true}]}}