{"id":6240,"date":"2021-02-22T00:56:48","date_gmt":"2021-02-22T00:56:48","guid":{"rendered":"https:\/\/nanda.si\/informativa-sulla-privacy\/"},"modified":"2025-06-20T11:23:48","modified_gmt":"2025-06-20T11:23:48","slug":"informativa-sulla-privacy","status":"publish","type":"page","link":"https:\/\/nanda.si\/it\/informativa-sulla-privacy\/","title":{"rendered":"Informativa sulla privacy"},"content":{"rendered":"&#13;\n<h5 class=\"wp-block-heading\"><span style=\"color: #403131;\">FINALIT\u00c0 DELLA RACCOLTA DEI DATI PERSONALI<\/span><\/h5>&#13;\n<h5><span style=\"color: #403131;\">Lo scopo di questa informativa sulla privacy \u00e8 quello di informare i clienti e i visitatori del sito web www.nanda.si sulle finalit\u00e0 del trattamento dei dati personali registrati sul sito web<em>(del fornitore<\/em>). Teniamo molto alla tua privacy, pertanto proteggiamo sempre con cura i tuoi dati personali. Utilizzando il sito web, l \u201cutente conferma di accettare l\u201d intero contenuto della presente informativa sulla privacy.  <\/span><\/h5>&#13;\n<h5><span style=\"color: #403131;\">Ai fini commerciali, <em>il fornitore <\/em>raccoglie i seguenti dati dell \u201cutente: nome e cognome, indirizzo e luogo di residenza, indirizzo e-mail, numero di telefono di contatto, indirizzo IP da cui l\u201d utente accede al sito web e altre informazioni sulla visita al sito web.<\/span><\/h5>&#13;\n<h5><span style=\"color: #403131;\">Le informazioni fornite dall&#8217;utente sul sito web o ai fini dell&#8217;acquisto online o comunque via e-mail sono riservate e saranno trattate in conformit\u00e0 alla legislazione slovena applicabile. Registrandosi ed effettuando un ordine sul sito web, l&#8217;utente accetta espressamente che <em>il fornitore<\/em> possa utilizzare i dati personali ottenuti (nome e cognome, indirizzo di residenza, indirizzo e-mail e qualsiasi altro dato fornito volontariamente dall&#8217;utente sul sito web www.nanda.si ai fini dell&#8217;adempimento del contratto\/ordine come <em>cliente<\/em>) per scopi di marketing diretto attraverso tutti i canali pubblicitari, nonch\u00e9 per scopi di analisi statistica e di mercato legati al marketing diretto, alla profilazione e alla segmentazione del marketing. Questo ti permette di essere sempre informato sulle nostre offerte attuali e di essere informato solo sulle offerte di prodotti che meglio si adattano alle tue preferenze.   <\/span><\/h5>&#13;\n<h5><span style=\"color: #403131;\">La presente Informativa sulla privacy pu\u00f2 essere modificata o integrata in qualsiasi momento senza preavviso o notifica. Utilizzando il sito web del<em> Fornitore<\/em> dopo l \u201cemendamento o la modifica, l\u201d individuo conferma di accettare gli emendamenti e le modifiche. <\/span><\/h5>&#13;\n<h5><span style=\"color: #403131;\">TRATTAMENTO CONTRATTUALE DEI DATI PERSONALI<\/span><\/h5>&#13;\n<h5><span style=\"color: #403131;\">In qualit\u00e0 di individuo, riconosci e accetti che <em>il Gestore<\/em> possa affidare compiti specifici relativi ai tuoi dati ad altre persone (incaricati del trattamento). Gli incaricati del trattamento possono trattare i dati affidati esclusivamente per conto <em>del Gestore<\/em>, nei limiti dell&#8217;autorizzazione <em>del Gestore<\/em> (in un contratto scritto o in un altro atto legale) e in conformit\u00e0 con gli scopi definiti nella presente Informativa sulla privacy. I responsabili del trattamento contrattuale con cui il Gestore collabora sono: <span style=\"font-size: 1.125rem;\">servizi di contabilit\u00e0, studi legali e altri fornitori di consulenza legale, <\/span><span style=\"font-size: 1.125rem;\">fornitori di elaborazione dati e analisi, <\/span><span style=\"font-size: 1.125rem;\">gestori di sistemi IT, <\/span><span style=\"font-size: 1.125rem;\">fornitori di e-mail, <\/span><span style=\"font-size: 1.125rem;\">fornitori di sistemi di pagamento, <\/span><span style=\"font-size: 1.125rem;\">fornitori di sistemi di gestione delle relazioni con i clienti, <\/span><span style=\"font-size: 1.125rem;\">fornitori di soluzioni pubblicitarie online.<\/span>  <\/span><\/h5>&#13;\n<h5><span style=\"color: #403131;\"><em>Il Fornitore<\/em> non ceder\u00e0 i tuoi dati personali a terzi non autorizzati. Gli incaricati del trattamento possono trattare i dati personali solo nell&#8217;ambito delle istruzioni impartite e non possono utilizzare i dati personali per perseguire i propri interessi.   <\/span><\/h5>&#13;\n<h5><span style=\"color: #403131;\">I COOKIE SONO UTILIZZATI PER RACCOGLIERE DATI PERSONALI<\/span><\/h5>&#13;\n<h5><span style=\"color: #403131;\">I cookie sono file invisibili che vengono temporaneamente memorizzati sul disco rigido dell \u201cutente e consentono <em>al fornitore di<\/em> riconoscere il computer dell\u201d utente alla successiva visita di un sito web. <em>Il Fornitore<\/em> utilizza i cookie solo per raccogliere informazioni relative all \u201cutilizzo del sito web e per ottimizzare le proprie attivit\u00e0 pubblicitarie su internet. In questo modo, le informazioni vengono adattate alle tue esigenze e alle tue abitudini di utilizzo. Oltre a semplici informazioni sulle preferenze, i cookie possono memorizzare molti dati personali (nome, indirizzo e-mail, ecc.) per i quali abbiamo bisogno del tuo consenso. Se non li hai abilitati, non possiamo accedere ai file presenti sul tuo computer. Le attivit\u00e0 di raccolta e invio dei cookie non sono visibili all\u201d utente, ma nelle impostazioni del browser internet scelto puoi scegliere di approvare\/rifiutare la richiesta di memorizzazione dei cookie, cancellare i cookie e modificare altre richieste di cookie.    <\/span><\/h5>&#13;\n<h5><span style=\"color: #403131;\">SICUREZZA<\/span><\/h5>&#13;\n<h5><span style=\"color: #403131;\">Tutti i dati personali raccolti sono protetti da intrusioni di terzi, il che ti garantisce una transazione senza problemi con il <em>fornitore<\/em>. I tuoi dati sono protetti in ogni momento da perdita, distruzione, falsificazione, manipolazione e accesso non autorizzato. <em>Il Fornitore<\/em> adotta diverse misure e meccanismi informativi per garantire il buon funzionamento del sito web e la sicurezza della trasmissione dei dati su di esso. <\/span><\/h5>&#13;\n<h5><span style=\"color: #403131;\"><strong><u>Revoca del consenso all&#8217;attuazione di un mercato diretto<\/u><u>\u030c<\/u><u>pu\u00f2 essere organizzata tramite transazione elettronica<\/u><u>\u030c<\/u><u>, <\/u> <\/strong><strong style=\"font-size: 1.125rem;\"><u>Puoi cancellarti inviando un messaggio a info@nanda.si. La cancellazione verr\u00e0 elaborata entro e non oltre 14 giorni. <\/u><\/strong><\/span><\/h5>&#13;\n<h5>\u00a0<\/h5>&#13;\n<h3>\u00a0<\/h3>&#13;\n&#13;\n<h3>\u00a0<\/h3>&#13;\n&#13;\n<h2 class=\"wp-block-heading\">\u00a0<\/h2>&#13;\n&#13;\n<h2>\u00a0<\/h2>&#13;\n&#13;\n<h2>\u00a0<\/h2>&#13;\n&#13;\n<h3 class=\"wp-block-heading\">\u00a0<\/h3>&#13;\n&#13;\n<h3 class=\"wp-block-heading\">\u00a0<\/h3>&#13;\n","protected":false},"excerpt":{"rendered":"<p>&#13; FINALIT\u00c0 DELLA RACCOLTA DEI DATI PERSONALI &#13; Lo scopo di questa informativa sulla privacy \u00e8 quello di informare i clienti e i visitatori del sito web www.nanda.si sulle finalit\u00e0&hellip;<\/p>\n","protected":false},"author":201,"featured_media":0,"parent":0,"menu_order":0,"comment_status":"closed","ping_status":"open","template":"","meta":{"footnotes":""},"class_list":["post-6240","page","type-page","status-publish","hentry"],"yoast_head":"<!-- This site is optimized with the Yoast SEO plugin v27.2 - https:\/\/yoast.com\/product\/yoast-seo-wordpress\/ -->\n<title>Informativa sulla privacy | Ines Drole Nanda<\/title>\n<meta name=\"description\" content=\"La presente Informativa sulla privacy disciplina la raccolta, l \u201carchiviazione e l\u201d elaborazione dei dati personali allo scopo di migliorare il servizio Nanda e fornire informazioni agli utenti.\" \/>\n<meta name=\"robots\" content=\"index, follow, max-snippet:-1, max-image-preview:large, max-video-preview:-1\" \/>\n<link rel=\"canonical\" href=\"https:\/\/nanda.si\/it\/informativa-sulla-privacy\/\" \/>\n<meta property=\"og:locale\" content=\"it_IT\" \/>\n<meta property=\"og:type\" content=\"article\" \/>\n<meta property=\"og:title\" content=\"Informativa sulla privacy | Ines Drole Nanda\" \/>\n<meta property=\"og:description\" content=\"La presente Informativa sulla privacy disciplina la raccolta, l \u201carchiviazione e l\u201d elaborazione dei dati personali allo scopo di migliorare il servizio Nanda e fornire informazioni agli utenti.\" \/>\n<meta property=\"og:url\" content=\"https:\/\/nanda.si\/it\/informativa-sulla-privacy\/\" \/>\n<meta property=\"og:site_name\" content=\"Ines Drole Nanda\" \/>\n<meta property=\"article:modified_time\" content=\"2025-06-20T11:23:48+00:00\" \/>\n<meta name=\"twitter:card\" content=\"summary_large_image\" \/>\n<meta name=\"twitter:label1\" content=\"Tempo di lettura stimato\" \/>\n\t<meta name=\"twitter:data1\" content=\"4 minuti\" \/>\n<script type=\"application\/ld+json\" class=\"yoast-schema-graph\">{\"@context\":\"https:\/\/schema.org\",\"@graph\":[{\"@type\":\"WebPage\",\"@id\":\"https:\/\/nanda.si\/it\/informativa-sulla-privacy\/\",\"url\":\"https:\/\/nanda.si\/it\/informativa-sulla-privacy\/\",\"name\":\"Informativa sulla privacy | Ines Drole Nanda\",\"isPartOf\":{\"@id\":\"https:\/\/nanda.si\/it\/#website\"},\"datePublished\":\"2021-02-22T00:56:48+00:00\",\"dateModified\":\"2025-06-20T11:23:48+00:00\",\"description\":\"La presente Informativa sulla privacy disciplina la raccolta, l \u201carchiviazione e l\u201d elaborazione dei dati personali allo scopo di migliorare il servizio Nanda e fornire informazioni agli utenti.\",\"breadcrumb\":{\"@id\":\"https:\/\/nanda.si\/it\/informativa-sulla-privacy\/#breadcrumb\"},\"inLanguage\":\"it-IT\",\"potentialAction\":[{\"@type\":\"ReadAction\",\"target\":[\"https:\/\/nanda.si\/it\/informativa-sulla-privacy\/\"]}]},{\"@type\":\"BreadcrumbList\",\"@id\":\"https:\/\/nanda.si\/it\/informativa-sulla-privacy\/#breadcrumb\",\"itemListElement\":[{\"@type\":\"ListItem\",\"position\":1,\"name\":\"Home\",\"item\":\"https:\/\/nanda.si\/it\/casa\/\"},{\"@type\":\"ListItem\",\"position\":2,\"name\":\"Informativa sulla privacy\"}]},{\"@type\":\"WebSite\",\"@id\":\"https:\/\/nanda.si\/it\/#website\",\"url\":\"https:\/\/nanda.si\/it\/\",\"name\":\"Ines Drole Nanda\",\"description\":\"Umetelne tekstilne kreacije za edinstven dom in unikatna obla\u010dila.\",\"publisher\":{\"@id\":\"https:\/\/nanda.si\/it\/#organization\"},\"potentialAction\":[{\"@type\":\"SearchAction\",\"target\":{\"@type\":\"EntryPoint\",\"urlTemplate\":\"https:\/\/nanda.si\/it\/?s={search_term_string}\"},\"query-input\":{\"@type\":\"PropertyValueSpecification\",\"valueRequired\":true,\"valueName\":\"search_term_string\"}}],\"inLanguage\":\"it-IT\"},{\"@type\":\"Organization\",\"@id\":\"https:\/\/nanda.si\/it\/#organization\",\"name\":\"Ines Drole NANDA\",\"url\":\"https:\/\/nanda.si\/it\/\",\"logo\":{\"@type\":\"ImageObject\",\"inLanguage\":\"it-IT\",\"@id\":\"https:\/\/nanda.si\/it\/#\/schema\/logo\/image\/\",\"url\":\"https:\/\/nanda.si\/wp-content\/uploads\/2022\/07\/logoNANDA-oval_Res.jpg\",\"contentUrl\":\"https:\/\/nanda.si\/wp-content\/uploads\/2022\/07\/logoNANDA-oval_Res.jpg\",\"width\":600,\"height\":600,\"caption\":\"Ines Drole NANDA\"},\"image\":{\"@id\":\"https:\/\/nanda.si\/it\/#\/schema\/logo\/image\/\"}}]}<\/script>\n<!-- \/ Yoast SEO plugin. -->","yoast_head_json":{"title":"Informativa sulla privacy | Ines Drole Nanda","description":"La presente Informativa sulla privacy disciplina la raccolta, l \u201carchiviazione e l\u201d elaborazione dei dati personali allo scopo di migliorare il servizio Nanda e fornire informazioni agli utenti.","robots":{"index":"index","follow":"follow","max-snippet":"max-snippet:-1","max-image-preview":"max-image-preview:large","max-video-preview":"max-video-preview:-1"},"canonical":"https:\/\/nanda.si\/it\/informativa-sulla-privacy\/","og_locale":"it_IT","og_type":"article","og_title":"Informativa sulla privacy | Ines Drole Nanda","og_description":"La presente Informativa sulla privacy disciplina la raccolta, l \u201carchiviazione e l\u201d elaborazione dei dati personali allo scopo di migliorare il servizio Nanda e fornire informazioni agli utenti.","og_url":"https:\/\/nanda.si\/it\/informativa-sulla-privacy\/","og_site_name":"Ines Drole Nanda","article_modified_time":"2025-06-20T11:23:48+00:00","twitter_card":"summary_large_image","twitter_misc":{"Tempo di lettura stimato":"4 minuti"},"schema":{"@context":"https:\/\/schema.org","@graph":[{"@type":"WebPage","@id":"https:\/\/nanda.si\/it\/informativa-sulla-privacy\/","url":"https:\/\/nanda.si\/it\/informativa-sulla-privacy\/","name":"Informativa sulla privacy | Ines Drole Nanda","isPartOf":{"@id":"https:\/\/nanda.si\/it\/#website"},"datePublished":"2021-02-22T00:56:48+00:00","dateModified":"2025-06-20T11:23:48+00:00","description":"La presente Informativa sulla privacy disciplina la raccolta, l \u201carchiviazione e l\u201d elaborazione dei dati personali allo scopo di migliorare il servizio Nanda e fornire informazioni agli utenti.","breadcrumb":{"@id":"https:\/\/nanda.si\/it\/informativa-sulla-privacy\/#breadcrumb"},"inLanguage":"it-IT","potentialAction":[{"@type":"ReadAction","target":["https:\/\/nanda.si\/it\/informativa-sulla-privacy\/"]}]},{"@type":"BreadcrumbList","@id":"https:\/\/nanda.si\/it\/informativa-sulla-privacy\/#breadcrumb","itemListElement":[{"@type":"ListItem","position":1,"name":"Home","item":"https:\/\/nanda.si\/it\/casa\/"},{"@type":"ListItem","position":2,"name":"Informativa sulla privacy"}]},{"@type":"WebSite","@id":"https:\/\/nanda.si\/it\/#website","url":"https:\/\/nanda.si\/it\/","name":"Ines Drole Nanda","description":"Umetelne tekstilne kreacije za edinstven dom in unikatna obla\u010dila.","publisher":{"@id":"https:\/\/nanda.si\/it\/#organization"},"potentialAction":[{"@type":"SearchAction","target":{"@type":"EntryPoint","urlTemplate":"https:\/\/nanda.si\/it\/?s={search_term_string}"},"query-input":{"@type":"PropertyValueSpecification","valueRequired":true,"valueName":"search_term_string"}}],"inLanguage":"it-IT"},{"@type":"Organization","@id":"https:\/\/nanda.si\/it\/#organization","name":"Ines Drole NANDA","url":"https:\/\/nanda.si\/it\/","logo":{"@type":"ImageObject","inLanguage":"it-IT","@id":"https:\/\/nanda.si\/it\/#\/schema\/logo\/image\/","url":"https:\/\/nanda.si\/wp-content\/uploads\/2022\/07\/logoNANDA-oval_Res.jpg","contentUrl":"https:\/\/nanda.si\/wp-content\/uploads\/2022\/07\/logoNANDA-oval_Res.jpg","width":600,"height":600,"caption":"Ines Drole NANDA"},"image":{"@id":"https:\/\/nanda.si\/it\/#\/schema\/logo\/image\/"}}]}},"_links":{"self":[{"href":"https:\/\/nanda.si\/it\/wp-json\/wp\/v2\/pages\/6240","targetHints":{"allow":["GET"]}}],"collection":[{"href":"https:\/\/nanda.si\/it\/wp-json\/wp\/v2\/pages"}],"about":[{"href":"https:\/\/nanda.si\/it\/wp-json\/wp\/v2\/types\/page"}],"author":[{"embeddable":true,"href":"https:\/\/nanda.si\/it\/wp-json\/wp\/v2\/users\/201"}],"replies":[{"embeddable":true,"href":"https:\/\/nanda.si\/it\/wp-json\/wp\/v2\/comments?post=6240"}],"version-history":[{"count":1,"href":"https:\/\/nanda.si\/it\/wp-json\/wp\/v2\/pages\/6240\/revisions"}],"predecessor-version":[{"id":6241,"href":"https:\/\/nanda.si\/it\/wp-json\/wp\/v2\/pages\/6240\/revisions\/6241"}],"wp:attachment":[{"href":"https:\/\/nanda.si\/it\/wp-json\/wp\/v2\/media?parent=6240"}],"curies":[{"name":"wp","href":"https:\/\/api.w.org\/{rel}","templated":true}]}}