{"id":4756,"date":"2023-07-12T13:13:47","date_gmt":"2023-07-12T13:13:47","guid":{"rendered":"https:\/\/nanda.si\/?post_type=product&#038;p=4756"},"modified":"2025-04-07T11:29:18","modified_gmt":"2025-04-07T11:29:18","slug":"midi-ohlapna-zeleno-crna-viskozna-obleka-s-fantazijo-fauna","status":"publish","type":"product","link":"https:\/\/nanda.si\/en\/product\/midi-ohlapna-zeleno-crna-viskozna-obleka-s-fantazijo-fauna\/","title":{"rendered":"Midi ohlapna zeleno \u010drna viskozna obleka s fantazijo Fauna"},"content":{"rendered":"<h5>Midi ohlapna zeleno \u010drna viskozna obleka s fantazijo Fauna je hladna in udobna. Je domiselnega kroja, ki pristoji tako suhicam kot tudi polnim postavam. Obleko lahko nosimo tudi tako, da je V izrez zadaj, na hrbtu, ker \u0161irok kroj omogo\u010da prilagajanje telesu. Bogat okrasni volan v \u010drni barvi z delnim leskom daje akcent prednjiku in zakrije morebitne nepravilnosti postave, teliran zadnjik pa izdela \u017eenstveno linijo. Ta viskozna midi obleka z abstraktnim \u017eivalskim potiskom v \u010drno zelenih odtenkih re\u0161i stisko s \u010dasom in zagato kombiniranja harmoni\u010dnih kosov obla\u010dil, ter omogo\u010da hiter odhod v slu\u017ebo, na sve\u010dano prireditev, ali celo na pla\u017eo.<\/h5>\n","protected":false},"excerpt":{"rendered":"<h5>Kot da bi Metulj zaprhutal s krili in sedel na obleko.<\/h5>\n<h5>Hladna in udobna unikatna elegantna midi viskozna obleka z velikim metuljastim volanom spredaj lepo pristaja tudi bolj polni postavi. Globok V dekolte z zlato-zelenim trakcem poudari \u017eenstvenost. Ta midi netelirana zeleno-\u010drna viskozna obleka s fantazijo je brez zadrge in kroj omogo\u010da, da lahkotno zdrsnemo v njo. Zadaj je ravna, delno telirana, material je prijeten na otip in gibko padajo\u010d. Tkanina iz naravnega vlakna viskoze in ohlapen kroj zagotavljata udobnost no\u0161enja. Priporo\u010deno je pranje in likanje do 60 stopinj Celzija.<\/h5>\n<p>Mere:\u00a0 \u00a0M , L,\u00a0 <a href=\"https:\/\/nanda.si\/tabela-velikosti-oblacil\/\">glej tabelo velikosti obla\u010dil .<\/a><\/p>\n","protected":false},"featured_media":4786,"comment_status":"open","ping_status":"closed","template":"","meta":[],"product_brand":[],"product_cat":[120],"product_tag":[],"class_list":{"0":"post-4756","1":"product","2":"type-product","3":"status-publish","4":"has-post-thumbnail","6":"product_cat-originalna-oblacila","8":"first","9":"onbackorder","10":"sold-individually","11":"shipping-taxable","12":"product-type-simple"},"yoast_head":"<!-- This site is optimized with the Yoast SEO plugin v27.2 - https:\/\/yoast.com\/product\/yoast-seo-wordpress\/ -->\n<title>Midi ohlapna zeleno \u010drna viskozna obleka s fantazijo Fauna | Ines Drole Nanda<\/title>\n<meta name=\"description\" content=\"Midi ohlapna zeleno \u010drna viskozna obleka s fantazijo Fauna je hladna in udobna. Unikaten edinstven kroj lepo pristaja tudi bolj polni postavi.\" \/>\n<meta name=\"robots\" content=\"index, follow, max-snippet:-1, max-image-preview:large, max-video-preview:-1\" \/>\n<link rel=\"canonical\" href=\"https:\/\/nanda.si\/en\/product\/midi-ohlapna-zeleno-crna-viskozna-obleka-s-fantazijo-fauna\/\" \/>\n<meta property=\"og:locale\" content=\"en_US\" \/>\n<meta property=\"og:type\" content=\"article\" \/>\n<meta property=\"og:title\" content=\"Midi ohlapna zeleno \u010drna viskozna obleka s fantazijo Fauna | Ines Drole Nanda\" \/>\n<meta property=\"og:description\" content=\"Midi ohlapna zeleno \u010drna viskozna obleka s fantazijo Fauna je hladna in udobna. Unikaten edinstven kroj lepo pristaja tudi bolj polni postavi.\" \/>\n<meta property=\"og:url\" content=\"https:\/\/nanda.si\/en\/product\/midi-ohlapna-zeleno-crna-viskozna-obleka-s-fantazijo-fauna\/\" \/>\n<meta property=\"og:site_name\" content=\"Ines Drole Nanda\" \/>\n<meta property=\"article:modified_time\" content=\"2025-04-07T11:29:18+00:00\" \/>\n<meta property=\"og:image\" content=\"https:\/\/nanda.si\/wp-content\/uploads\/2023\/07\/midi-obleka-z-abstraktnim-potiskom-Fauna-spredaj-spredaj-r.jpg\" \/>\n\t<meta property=\"og:image:width\" content=\"369\" \/>\n\t<meta property=\"og:image:height\" content=\"541\" \/>\n\t<meta property=\"og:image:type\" content=\"image\/jpeg\" \/>\n<meta name=\"twitter:card\" content=\"summary_large_image\" \/>\n<meta name=\"twitter:label1\" content=\"Est. reading time\" \/>\n\t<meta name=\"twitter:data1\" content=\"1 minute\" \/>\n<script type=\"application\/ld+json\" class=\"yoast-schema-graph\">{\"@context\":\"https:\/\/schema.org\",\"@graph\":[{\"@type\":\"WebPage\",\"@id\":\"https:\/\/nanda.si\/en\/product\/midi-ohlapna-zeleno-crna-viskozna-obleka-s-fantazijo-fauna\/\",\"url\":\"https:\/\/nanda.si\/en\/product\/midi-ohlapna-zeleno-crna-viskozna-obleka-s-fantazijo-fauna\/\",\"name\":\"Midi ohlapna zeleno \u010drna viskozna obleka s fantazijo Fauna | Ines Drole Nanda\",\"isPartOf\":{\"@id\":\"https:\/\/nanda.si\/en\/#website\"},\"primaryImageOfPage\":{\"@id\":\"https:\/\/nanda.si\/en\/product\/midi-ohlapna-zeleno-crna-viskozna-obleka-s-fantazijo-fauna\/#primaryimage\"},\"image\":{\"@id\":\"https:\/\/nanda.si\/en\/product\/midi-ohlapna-zeleno-crna-viskozna-obleka-s-fantazijo-fauna\/#primaryimage\"},\"thumbnailUrl\":\"https:\/\/nanda.si\/wp-content\/uploads\/2023\/07\/midi-obleka-z-abstraktnim-potiskom-Fauna-spredaj-spredaj-r.jpg\",\"datePublished\":\"2023-07-12T13:13:47+00:00\",\"dateModified\":\"2025-04-07T11:29:18+00:00\",\"description\":\"Midi ohlapna zeleno \u010drna viskozna obleka s fantazijo Fauna je hladna in udobna. Unikaten edinstven kroj lepo pristaja tudi bolj polni postavi.\",\"breadcrumb\":{\"@id\":\"https:\/\/nanda.si\/en\/product\/midi-ohlapna-zeleno-crna-viskozna-obleka-s-fantazijo-fauna\/#breadcrumb\"},\"inLanguage\":\"en-US\",\"potentialAction\":[{\"@type\":\"ReadAction\",\"target\":[\"https:\/\/nanda.si\/en\/product\/midi-ohlapna-zeleno-crna-viskozna-obleka-s-fantazijo-fauna\/\"]}]},{\"@type\":\"ImageObject\",\"inLanguage\":\"en-US\",\"@id\":\"https:\/\/nanda.si\/en\/product\/midi-ohlapna-zeleno-crna-viskozna-obleka-s-fantazijo-fauna\/#primaryimage\",\"url\":\"https:\/\/nanda.si\/wp-content\/uploads\/2023\/07\/midi-obleka-z-abstraktnim-potiskom-Fauna-spredaj-spredaj-r.jpg\",\"contentUrl\":\"https:\/\/nanda.si\/wp-content\/uploads\/2023\/07\/midi-obleka-z-abstraktnim-potiskom-Fauna-spredaj-spredaj-r.jpg\",\"width\":369,\"height\":541},{\"@type\":\"BreadcrumbList\",\"@id\":\"https:\/\/nanda.si\/en\/product\/midi-ohlapna-zeleno-crna-viskozna-obleka-s-fantazijo-fauna\/#breadcrumb\",\"itemListElement\":[{\"@type\":\"ListItem\",\"position\":1,\"name\":\"Home\",\"item\":\"https:\/\/nanda.si\/en\/\"},{\"@type\":\"ListItem\",\"position\":2,\"name\":\"Shop\",\"item\":\"https:\/\/nanda.si\/en\/shop\/\"},{\"@type\":\"ListItem\",\"position\":3,\"name\":\"Midi ohlapna zeleno \u010drna viskozna obleka s fantazijo Fauna\"}]},{\"@type\":\"WebSite\",\"@id\":\"https:\/\/nanda.si\/en\/#website\",\"url\":\"https:\/\/nanda.si\/en\/\",\"name\":\"Ines Drole Nanda\",\"description\":\"Umetelne tekstilne kreacije za edinstven dom in unikatna obla\u010dila.\",\"publisher\":{\"@id\":\"https:\/\/nanda.si\/en\/#organization\"},\"potentialAction\":[{\"@type\":\"SearchAction\",\"target\":{\"@type\":\"EntryPoint\",\"urlTemplate\":\"https:\/\/nanda.si\/en\/?s={search_term_string}\"},\"query-input\":{\"@type\":\"PropertyValueSpecification\",\"valueRequired\":true,\"valueName\":\"search_term_string\"}}],\"inLanguage\":\"en-US\"},{\"@type\":\"Organization\",\"@id\":\"https:\/\/nanda.si\/en\/#organization\",\"name\":\"Ines Drole NANDA\",\"url\":\"https:\/\/nanda.si\/en\/\",\"logo\":{\"@type\":\"ImageObject\",\"inLanguage\":\"en-US\",\"@id\":\"https:\/\/nanda.si\/en\/#\/schema\/logo\/image\/\",\"url\":\"https:\/\/nanda.si\/wp-content\/uploads\/2022\/07\/logoNANDA-oval_Res.jpg\",\"contentUrl\":\"https:\/\/nanda.si\/wp-content\/uploads\/2022\/07\/logoNANDA-oval_Res.jpg\",\"width\":600,\"height\":600,\"caption\":\"Ines Drole NANDA\"},\"image\":{\"@id\":\"https:\/\/nanda.si\/en\/#\/schema\/logo\/image\/\"}}]}<\/script>\n<!-- \/ Yoast SEO plugin. -->","yoast_head_json":{"title":"Midi ohlapna zeleno \u010drna viskozna obleka s fantazijo Fauna | Ines Drole Nanda","description":"Midi ohlapna zeleno \u010drna viskozna obleka s fantazijo Fauna je hladna in udobna. Unikaten edinstven kroj lepo pristaja tudi bolj polni postavi.","robots":{"index":"index","follow":"follow","max-snippet":"max-snippet:-1","max-image-preview":"max-image-preview:large","max-video-preview":"max-video-preview:-1"},"canonical":"https:\/\/nanda.si\/en\/product\/midi-ohlapna-zeleno-crna-viskozna-obleka-s-fantazijo-fauna\/","og_locale":"en_US","og_type":"article","og_title":"Midi ohlapna zeleno \u010drna viskozna obleka s fantazijo Fauna | Ines Drole Nanda","og_description":"Midi ohlapna zeleno \u010drna viskozna obleka s fantazijo Fauna je hladna in udobna. Unikaten edinstven kroj lepo pristaja tudi bolj polni postavi.","og_url":"https:\/\/nanda.si\/en\/product\/midi-ohlapna-zeleno-crna-viskozna-obleka-s-fantazijo-fauna\/","og_site_name":"Ines Drole Nanda","article_modified_time":"2025-04-07T11:29:18+00:00","og_image":[{"width":369,"height":541,"url":"https:\/\/nanda.si\/wp-content\/uploads\/2023\/07\/midi-obleka-z-abstraktnim-potiskom-Fauna-spredaj-spredaj-r.jpg","type":"image\/jpeg"}],"twitter_card":"summary_large_image","twitter_misc":{"Est. reading time":"1 minute"},"schema":{"@context":"https:\/\/schema.org","@graph":[{"@type":"WebPage","@id":"https:\/\/nanda.si\/en\/product\/midi-ohlapna-zeleno-crna-viskozna-obleka-s-fantazijo-fauna\/","url":"https:\/\/nanda.si\/en\/product\/midi-ohlapna-zeleno-crna-viskozna-obleka-s-fantazijo-fauna\/","name":"Midi ohlapna zeleno \u010drna viskozna obleka s fantazijo Fauna | Ines Drole Nanda","isPartOf":{"@id":"https:\/\/nanda.si\/en\/#website"},"primaryImageOfPage":{"@id":"https:\/\/nanda.si\/en\/product\/midi-ohlapna-zeleno-crna-viskozna-obleka-s-fantazijo-fauna\/#primaryimage"},"image":{"@id":"https:\/\/nanda.si\/en\/product\/midi-ohlapna-zeleno-crna-viskozna-obleka-s-fantazijo-fauna\/#primaryimage"},"thumbnailUrl":"https:\/\/nanda.si\/wp-content\/uploads\/2023\/07\/midi-obleka-z-abstraktnim-potiskom-Fauna-spredaj-spredaj-r.jpg","datePublished":"2023-07-12T13:13:47+00:00","dateModified":"2025-04-07T11:29:18+00:00","description":"Midi ohlapna zeleno \u010drna viskozna obleka s fantazijo Fauna je hladna in udobna. Unikaten edinstven kroj lepo pristaja tudi bolj polni postavi.","breadcrumb":{"@id":"https:\/\/nanda.si\/en\/product\/midi-ohlapna-zeleno-crna-viskozna-obleka-s-fantazijo-fauna\/#breadcrumb"},"inLanguage":"en-US","potentialAction":[{"@type":"ReadAction","target":["https:\/\/nanda.si\/en\/product\/midi-ohlapna-zeleno-crna-viskozna-obleka-s-fantazijo-fauna\/"]}]},{"@type":"ImageObject","inLanguage":"en-US","@id":"https:\/\/nanda.si\/en\/product\/midi-ohlapna-zeleno-crna-viskozna-obleka-s-fantazijo-fauna\/#primaryimage","url":"https:\/\/nanda.si\/wp-content\/uploads\/2023\/07\/midi-obleka-z-abstraktnim-potiskom-Fauna-spredaj-spredaj-r.jpg","contentUrl":"https:\/\/nanda.si\/wp-content\/uploads\/2023\/07\/midi-obleka-z-abstraktnim-potiskom-Fauna-spredaj-spredaj-r.jpg","width":369,"height":541},{"@type":"BreadcrumbList","@id":"https:\/\/nanda.si\/en\/product\/midi-ohlapna-zeleno-crna-viskozna-obleka-s-fantazijo-fauna\/#breadcrumb","itemListElement":[{"@type":"ListItem","position":1,"name":"Home","item":"https:\/\/nanda.si\/en\/"},{"@type":"ListItem","position":2,"name":"Shop","item":"https:\/\/nanda.si\/en\/shop\/"},{"@type":"ListItem","position":3,"name":"Midi ohlapna zeleno \u010drna viskozna obleka s fantazijo Fauna"}]},{"@type":"WebSite","@id":"https:\/\/nanda.si\/en\/#website","url":"https:\/\/nanda.si\/en\/","name":"Ines Drole Nanda","description":"Umetelne tekstilne kreacije za edinstven dom in unikatna obla\u010dila.","publisher":{"@id":"https:\/\/nanda.si\/en\/#organization"},"potentialAction":[{"@type":"SearchAction","target":{"@type":"EntryPoint","urlTemplate":"https:\/\/nanda.si\/en\/?s={search_term_string}"},"query-input":{"@type":"PropertyValueSpecification","valueRequired":true,"valueName":"search_term_string"}}],"inLanguage":"en-US"},{"@type":"Organization","@id":"https:\/\/nanda.si\/en\/#organization","name":"Ines Drole NANDA","url":"https:\/\/nanda.si\/en\/","logo":{"@type":"ImageObject","inLanguage":"en-US","@id":"https:\/\/nanda.si\/en\/#\/schema\/logo\/image\/","url":"https:\/\/nanda.si\/wp-content\/uploads\/2022\/07\/logoNANDA-oval_Res.jpg","contentUrl":"https:\/\/nanda.si\/wp-content\/uploads\/2022\/07\/logoNANDA-oval_Res.jpg","width":600,"height":600,"caption":"Ines Drole NANDA"},"image":{"@id":"https:\/\/nanda.si\/en\/#\/schema\/logo\/image\/"}}]}},"_links":{"self":[{"href":"https:\/\/nanda.si\/en\/wp-json\/wp\/v2\/product\/4756","targetHints":{"allow":["GET"]}}],"collection":[{"href":"https:\/\/nanda.si\/en\/wp-json\/wp\/v2\/product"}],"about":[{"href":"https:\/\/nanda.si\/en\/wp-json\/wp\/v2\/types\/product"}],"replies":[{"embeddable":true,"href":"https:\/\/nanda.si\/en\/wp-json\/wp\/v2\/comments?post=4756"}],"wp:featuredmedia":[{"embeddable":true,"href":"https:\/\/nanda.si\/en\/wp-json\/wp\/v2\/media\/4786"}],"wp:attachment":[{"href":"https:\/\/nanda.si\/en\/wp-json\/wp\/v2\/media?parent=4756"}],"wp:term":[{"taxonomy":"product_brand","embeddable":true,"href":"https:\/\/nanda.si\/en\/wp-json\/wp\/v2\/product_brand?post=4756"},{"taxonomy":"product_cat","embeddable":true,"href":"https:\/\/nanda.si\/en\/wp-json\/wp\/v2\/product_cat?post=4756"},{"taxonomy":"product_tag","embeddable":true,"href":"https:\/\/nanda.si\/en\/wp-json\/wp\/v2\/product_tag?post=4756"}],"curies":[{"name":"wp","href":"https:\/\/api.w.org\/{rel}","templated":true}]}}